{"id":14296,"date":"2020-02-10T17:58:23","date_gmt":"2020-02-10T15:58:23","guid":{"rendered":"https:\/\/automatica.ro\/?page_id=14296"},"modified":"2020-02-18T13:01:01","modified_gmt":"2020-02-18T11:01:01","slug":"inovatii-in-robotica-romaneasca-a-anilor-80","status":"publish","type":"page","link":"https:\/\/automatica.ro\/?page_id=14296","title":{"rendered":"inova\u021bii \u00een robotica rom\u00e2neasc\u0103 a anilor &#8217;80"},"content":{"rendered":"\t\t<div data-elementor-type=\"wp-page\" data-elementor-id=\"14296\" class=\"elementor elementor-14296\" data-elementor-settings=\"[]\">\n\t\t\t\t\t\t<div class=\"elementor-inner\">\n\t\t\t\t\t\t\t<div class=\"elementor-section-wrap\">\n\t\t\t\t\t\t\t<section class=\"elementor-section elementor-top-section elementor-element elementor-element-ca15536 elementor-section-full_width elementor-section-height-min-height elementor-section-height-default elementor-section-items-middle\" data-id=\"ca15536\" data-element_type=\"section\">\n\t\t\t\t\t\t<div class=\"elementor-container elementor-column-gap-no\">\n\t\t\t\t\t\t\t<div class=\"elementor-row\">\n\t\t\t\t\t<div class=\"elementor-column elementor-col-100 elementor-top-column elementor-element elementor-element-e040c2a\" data-id=\"e040c2a\" data-element_type=\"column\">\n\t\t\t<div class=\"elementor-column-wrap\">\n\t\t\t\t\t\t\t<div class=\"elementor-widget-wrap\">\n\t\t\t\t\t\t\t\t<\/div>\n\t\t\t\t\t<\/div>\n\t\t<\/div>\n\t\t\t\t\t\t\t\t<\/div>\n\t\t\t\t\t<\/div>\n\t\t<\/section>\n\t\t\t\t<section class=\"elementor-section elementor-top-section elementor-element elementor-element-b3fa623 elementor-section-full_width elementor-section-height-min-height elementor-section-height-default elementor-section-items-middle\" data-id=\"b3fa623\" data-element_type=\"section\">\n\t\t\t\t\t\t<div class=\"elementor-container elementor-column-gap-no\">\n\t\t\t\t\t\t\t<div class=\"elementor-row\">\n\t\t\t\t\t<div class=\"elementor-column elementor-col-100 elementor-top-column elementor-element elementor-element-bac1e88\" data-id=\"bac1e88\" data-element_type=\"column\" data-settings=\"{&quot;background_background&quot;:&quot;classic&quot;}\">\n\t\t\t<div class=\"elementor-column-wrap elementor-element-populated\">\n\t\t\t\t\t<div class=\"elementor-background-overlay\"><\/div>\n\t\t\t\t\t\t\t<div class=\"elementor-widget-wrap\">\n\t\t\t\t\t\t<section class=\"elementor-section elementor-inner-section elementor-element elementor-element-ac19314 elementor-section-height-min-height elementor-section-boxed elementor-section-height-default\" data-id=\"ac19314\" data-element_type=\"section\">\n\t\t\t\t\t\t<div class=\"elementor-container elementor-column-gap-no\">\n\t\t\t\t\t\t\t<div class=\"elementor-row\">\n\t\t\t\t\t<div class=\"elementor-column elementor-col-100 elementor-inner-column elementor-element elementor-element-d855c39\" data-id=\"d855c39\" data-element_type=\"column\">\n\t\t\t<div class=\"elementor-column-wrap elementor-element-populated\">\n\t\t\t\t\t\t\t<div class=\"elementor-widget-wrap\">\n\t\t\t\t\t\t<div class=\"elementor-element elementor-element-e200af2 elementor-widget elementor-widget-heading\" data-id=\"e200af2\" data-element_type=\"widget\" data-widget_type=\"heading.default\">\n\t\t\t\t<div class=\"elementor-widget-container\">\n\t\t\t<h2 class=\"elementor-heading-title elementor-size-default\">INOVA\u021aII \u00ceN <br> \nROBOTICA <br> \nROM\u00c2NEACS\u0102<br>\nA ANILOR '80.<\/h2>\t\t<\/div>\n\t\t\t\t<\/div>\n\t\t\t\t\t\t<\/div>\n\t\t\t\t\t<\/div>\n\t\t<\/div>\n\t\t\t\t\t\t\t\t<\/div>\n\t\t\t\t\t<\/div>\n\t\t<\/section>\n\t\t\t\t\t\t<\/div>\n\t\t\t\t\t<\/div>\n\t\t<\/div>\n\t\t\t\t\t\t\t\t<\/div>\n\t\t\t\t\t<\/div>\n\t\t<\/section>\n\t\t\t\t<section class=\"elementor-section elementor-top-section elementor-element elementor-element-94d24c3 elementor-section-boxed elementor-section-height-default elementor-section-height-default\" data-id=\"94d24c3\" data-element_type=\"section\">\n\t\t\t\t\t\t<div class=\"elementor-container elementor-column-gap-default\">\n\t\t\t\t\t\t\t<div class=\"elementor-row\">\n\t\t\t\t\t<div class=\"elementor-column elementor-col-50 elementor-top-column elementor-element elementor-element-364b00c\" data-id=\"364b00c\" data-element_type=\"column\">\n\t\t\t<div class=\"elementor-column-wrap elementor-element-populated\">\n\t\t\t\t\t\t\t<div class=\"elementor-widget-wrap\">\n\t\t\t\t\t\t<div class=\"elementor-element elementor-element-c8c3cf6 elementor-widget elementor-widget-text-editor\" data-id=\"c8c3cf6\" data-element_type=\"widget\" data-widget_type=\"text-editor.default\">\n\t\t\t\t<div class=\"elementor-widget-container\">\n\t\t\t\t\t\t\t\t<div class=\"elementor-text-editor elementor-clearfix\">\n\t\t\t\t\t<p>60 de ani de excelen\u021b\u0103!<\/p>\t\t\t\t\t<\/div>\n\t\t\t\t\t\t<\/div>\n\t\t\t\t<\/div>\n\t\t\t\t<div class=\"elementor-element elementor-element-a3940ea elementor-widget elementor-widget-text-editor\" data-id=\"a3940ea\" data-element_type=\"widget\" data-widget_type=\"text-editor.default\">\n\t\t\t\t<div class=\"elementor-widget-container\">\n\t\t\t\t\t\t\t\t<div class=\"elementor-text-editor elementor-clearfix\">\n\t\t\t\t\t<p>Extras din lucrarea &#8220;REALIZ\u0102RI \u00ceN ROBOTICA ROM\u00c2NEASC\u0102 A ANILOR \u201880&#8221;, autori Ing. Emil STUDINEANU Dr. Ing. Ovidiu Popovici-Vlad. Publicat \u00een PROCEEDINGS OF 4TH INTERNATIONAL CONFERENCE ON ROBOTICS November 13-14, 2008, Bra\u015fov, Romania.<\/p>\t\t\t\t\t<\/div>\n\t\t\t\t\t\t<\/div>\n\t\t\t\t<\/div>\n\t\t\t\t<div class=\"elementor-element elementor-element-c3a5b1e elementor-widget elementor-widget-text-editor\" data-id=\"c3a5b1e\" data-element_type=\"widget\" data-widget_type=\"text-editor.default\">\n\t\t\t\t<div class=\"elementor-widget-container\">\n\t\t\t\t\t\t\t\t<div class=\"elementor-text-editor elementor-clearfix\">\n\t\t\t\t\t<p><em>Dac\u0103 startul roboticii rom\u00e2ne\u0219ti \u201cs-a dat\u201d mult mai t\u00e2rziu dec\u00e2t pe plan mondial (1979), \u00een schimb anii \u201980 au fost caracteriza\u021bi de o efervescen\u021b\u0103 deosebit\u0103 \u00een \u00eentregul diapazon al roboticii, de la cercet\u0103ri fundamentale p\u00e2n\u0103 la aplica\u021bii industriale \u0219i chiar construc\u021bia unor robo\u021bi cu performan\u021be destul de apropiate de cele cunoscute la vremea respectiv\u0103.<\/em><\/p><p><em>\u00cen Rom\u00e2nia cercet\u0103rile pentru realizarea robo\u021bilor industriali de serie au fost \u00eencepute \u00een anul 1979 de c\u0103tre Automatica S.A. \u00eempreun\u0103 cu Institutul de Proiectare pentru Automatiz\u0103ri (IPA) \u015fi Institutul de Cercetare \u015fi Proiectare pentru Ma\u015fini Unelte \u201cTitan\u201d care s-au concretizat prin realizarea a trei tipuri de robo\u0163i industriali: RIS-63 cu ac\u0163ionare hidraulic\u0103 \u00een coordonate sferice, RIC-25 cu ac\u0163ionare electric\u0103 \u00een coordonate cilindrice, RIP-6,3 cu ac\u0163ionare electric\u0103 \u00een coordonate polare. Dintre ace\u015ftia robotul RIP-6,3 produs de Automatica S.A. s-a bucurat de un succes deosebit, fiind implementat \u00een multe aplica\u0163ii industriale: sudur\u0103 continu\u0103, sudur\u0103 \u00een puncte, deservire de ma\u015fini unelte, manipulare. Echipelor de cercetare conduse de Ing. Dan Cosmin, Ing. Paul Orbesteanu, Ing. Stefan Frustok, Ing. D. Bruda, Ing. A. Moanga le-a fost confirmat succesul realiz\u0103rii robotului RIP-6,3 prin acordarea Premiului &#8220;Traian Vuia&#8221; al Academiei Rom\u00e2ne pe anul 1983.<\/em><\/p><p><em>Cercet\u0103rile din domeniul roboticii desf\u0103\u0219urate \u00een perioada 1979-1992 au creat premisa realiz\u0103rii \u00een Rom\u00e2nia a unor produse de avangard\u0103 la acea vreme, comparabile ca performan\u021be cu cele de pe plan mondial, \u00een ciuda bazei materiale deficitare \u0219i a fiabilit\u0103\u021bii sc\u0103zute a componentelor din care erau realizate. S-au format specialis\u021bi pe domenul multidisciplinar al roboticii \u0219i s-au creat \u00een Universit\u0103\u021bi specializ\u0103ri pe domeniul roboticii \u00een vederea form\u0103rii institutionalizate a viitorilor speciali\u0219ti. Automatica S.A. s-a constituit ca un centru de excelen\u021b\u0103 care a format \u0219i stimulat speciali\u0219tii \u00een domeniul roboticii, s\u0103 creeze \u0219i s\u0103 construiasc\u0103 robo\u021bi performan\u021bi \u0219i aplica\u021bii ale lor, \u00een ciuda lipsurilor privind baza material\u0103 \u0219i informa\u021bional\u0103 din acea perioad\u0103.<\/em><\/p><p>Ast\u0103zi, speciali\u0219tii Automatica al\u0103turi de cele mai noi tehnologii ABB continu\u0103 povestea \u00eenceput\u0103 acum de 40 de ani. Efortul lor \u00eel reg\u0103sim \u00een\u00a0 robo\u021bi moderni integra\u021bi \u00een celule de sudur\u0103 cu arc, cu o ax\u0103 extern\u0103 sincronizat\u0103 \u0219i dou\u0103 axe externe nesincronizate realizate la Automatica pentru cele mai solicitante industrii.<\/p>\t\t\t\t\t<\/div>\n\t\t\t\t\t\t<\/div>\n\t\t\t\t<\/div>\n\t\t\t\t<div class=\"elementor-element elementor-element-5b95f05 elementor-widget elementor-widget-text-editor\" data-id=\"5b95f05\" data-element_type=\"widget\" data-widget_type=\"text-editor.default\">\n\t\t\t\t<div class=\"elementor-widget-container\">\n\t\t\t\t\t\t\t\t<div class=\"elementor-text-editor elementor-clearfix\">\n\t\t\t\t\t<p>Con\u021binut \u0219i imagini puse la dispozi\u021bie prin amabilitatea domnului Ing. Emil Studineanu.<\/p>\t\t\t\t\t<\/div>\n\t\t\t\t\t\t<\/div>\n\t\t\t\t<\/div>\n\t\t\t\t\t\t<\/div>\n\t\t\t\t\t<\/div>\n\t\t<\/div>\n\t\t\t\t<div class=\"elementor-column elementor-col-50 elementor-top-column elementor-element elementor-element-c243954\" data-id=\"c243954\" data-element_type=\"column\">\n\t\t\t<div class=\"elementor-column-wrap elementor-element-populated\">\n\t\t\t\t\t\t\t<div class=\"elementor-widget-wrap\">\n\t\t\t\t\t\t<div class=\"elementor-element elementor-element-0872461 elementor-widget elementor-widget-image\" data-id=\"0872461\" data-element_type=\"widget\" data-widget_type=\"image.default\">\n\t\t\t\t<div class=\"elementor-widget-container\">\n\t\t\t\t\t\t\t\t<div class=\"elementor-image\">\n\t\t\t\t\t\t\t\t\t<figure class=\"wp-caption\">\n\t\t\t\t\t\t\t\t\t\t\t<a href=\"https:\/\/automatica.ro\/wp-content\/uploads\/2020\/02\/rip-63.jpg\" data-elementor-open-lightbox=\"yes\" data-elementor-lightbox-title=\"rip-6,3\">\n\t\t\t\t\t\t\t<img decoding=\"async\" width=\"300\" height=\"218\" src=\"https:\/\/automatica.ro\/wp-content\/uploads\/2020\/02\/rip-63-300x218.jpg\" class=\"attachment-medium size-medium\" alt=\"\" srcset=\"https:\/\/automatica.ro\/wp-content\/uploads\/2020\/02\/rip-63-300x218.jpg 300w, https:\/\/automatica.ro\/wp-content\/uploads\/2020\/02\/rip-63-768x559.jpg 768w, https:\/\/automatica.ro\/wp-content\/uploads\/2020\/02\/rip-63-320x233.jpg 320w, https:\/\/automatica.ro\/wp-content\/uploads\/2020\/02\/rip-63.jpg 838w\" sizes=\"(max-width: 300px) 100vw, 300px\" \/>\t\t\t\t\t\t\t\t<\/a>\n\t\t\t\t\t\t\t\t\t\t\t<figcaption class=\"widget-image-caption wp-caption-text\">Robotul RIP 6,3 realizat la Automatica <\/figcaption>\n\t\t\t\t\t\t\t\t\t\t<\/figure>\n\t\t\t\t\t\t\t\t<\/div>\n\t\t\t\t\t\t<\/div>\n\t\t\t\t<\/div>\n\t\t\t\t<div class=\"elementor-element elementor-element-0642959 elementor-widget elementor-widget-image\" data-id=\"0642959\" data-element_type=\"widget\" data-widget_type=\"image.default\">\n\t\t\t\t<div class=\"elementor-widget-container\">\n\t\t\t\t\t\t\t\t<div class=\"elementor-image\">\n\t\t\t\t\t\t\t\t\t<figure class=\"wp-caption\">\n\t\t\t\t\t\t\t\t\t\t\t<a href=\"https:\/\/automatica.ro\/wp-content\/uploads\/2020\/02\/Robotul-RIP-63-aplicatie-de-sudura.jpg\" data-elementor-open-lightbox=\"yes\" data-elementor-lightbox-title=\"Robotul RIP 6,3 - aplicatie de sudura\">\n\t\t\t\t\t\t\t<img decoding=\"async\" width=\"300\" height=\"245\" src=\"https:\/\/automatica.ro\/wp-content\/uploads\/2020\/02\/Robotul-RIP-63-aplicatie-de-sudura-300x245.jpg\" class=\"attachment-medium size-medium\" alt=\"\" srcset=\"https:\/\/automatica.ro\/wp-content\/uploads\/2020\/02\/Robotul-RIP-63-aplicatie-de-sudura-300x245.jpg 300w, https:\/\/automatica.ro\/wp-content\/uploads\/2020\/02\/Robotul-RIP-63-aplicatie-de-sudura.jpg 704w, https:\/\/automatica.ro\/wp-content\/uploads\/2020\/02\/Robotul-RIP-63-aplicatie-de-sudura-293x240.jpg 293w\" sizes=\"(max-width: 300px) 100vw, 300px\" \/>\t\t\t\t\t\t\t\t<\/a>\n\t\t\t\t\t\t\t\t\t\t\t<figcaption class=\"widget-image-caption wp-caption-text\">Robotul RIP 6,3 - aplica\u021bie de sudur\u0103<\/figcaption>\n\t\t\t\t\t\t\t\t\t\t<\/figure>\n\t\t\t\t\t\t\t\t<\/div>\n\t\t\t\t\t\t<\/div>\n\t\t\t\t<\/div>\n\t\t\t\t<div class=\"elementor-element elementor-element-88cbe30 elementor-widget elementor-widget-image\" data-id=\"88cbe30\" data-element_type=\"widget\" data-widget_type=\"image.default\">\n\t\t\t\t<div class=\"elementor-widget-container\">\n\t\t\t\t\t\t\t\t<div class=\"elementor-image\">\n\t\t\t\t\t\t\t\t\t<figure class=\"wp-caption\">\n\t\t\t\t\t\t\t\t\t\t\t<a href=\"https:\/\/automatica.ro\/wp-content\/uploads\/2020\/02\/RIP-63-aplicatie-lingouri.jpg\" data-elementor-open-lightbox=\"yes\" data-elementor-lightbox-title=\"RIP 63 aplicatie lingouri\">\n\t\t\t\t\t\t\t<img decoding=\"async\" width=\"300\" height=\"226\" src=\"https:\/\/automatica.ro\/wp-content\/uploads\/2020\/02\/RIP-63-aplicatie-lingouri-300x226.jpg\" class=\"attachment-medium size-medium\" alt=\"\" srcset=\"https:\/\/automatica.ro\/wp-content\/uploads\/2020\/02\/RIP-63-aplicatie-lingouri-300x226.jpg 300w, https:\/\/automatica.ro\/wp-content\/uploads\/2020\/02\/RIP-63-aplicatie-lingouri-318x240.jpg 318w, https:\/\/automatica.ro\/wp-content\/uploads\/2020\/02\/RIP-63-aplicatie-lingouri.jpg 693w\" sizes=\"(max-width: 300px) 100vw, 300px\" \/>\t\t\t\t\t\t\t\t<\/a>\n\t\t\t\t\t\t\t\t\t\t\t<figcaption class=\"widget-image-caption wp-caption-text\">Aplica\u021bie de paletizare a lingourilor de aluminiu cu robotul RIP 63 \u0219i sistemul CONTROL-R.<\/figcaption>\n\t\t\t\t\t\t\t\t\t\t<\/figure>\n\t\t\t\t\t\t\t\t<\/div>\n\t\t\t\t\t\t<\/div>\n\t\t\t\t<\/div>\n\t\t\t\t\t\t<\/div>\n\t\t\t\t\t<\/div>\n\t\t<\/div>\n\t\t\t\t\t\t\t\t<\/div>\n\t\t\t\t\t<\/div>\n\t\t<\/section>\n\t\t\t\t<section class=\"elementor-section elementor-top-section elementor-element elementor-element-d193cb8 elementor-section-boxed elementor-section-height-default elementor-section-height-default\" data-id=\"d193cb8\" data-element_type=\"section\">\n\t\t\t\t\t\t<div class=\"elementor-container elementor-column-gap-default\">\n\t\t\t\t\t\t\t<div class=\"elementor-row\">\n\t\t\t\t\t<div class=\"elementor-column elementor-col-100 elementor-top-column elementor-element elementor-element-d93ca3b\" data-id=\"d93ca3b\" data-element_type=\"column\">\n\t\t\t<div class=\"elementor-column-wrap\">\n\t\t\t\t\t\t\t<div class=\"elementor-widget-wrap\">\n\t\t\t\t\t\t\t\t<\/div>\n\t\t\t\t\t<\/div>\n\t\t<\/div>\n\t\t\t\t\t\t\t\t<\/div>\n\t\t\t\t\t<\/div>\n\t\t<\/section>\n\t\t\t\t\t\t<\/div>\n\t\t\t\t\t\t<\/div>\n\t\t\t\t\t<\/div>\n\t\t","protected":false},"excerpt":{"rendered":"<p>INOVA\u021aII \u00ceN ROBOTICA ROM\u00c2NEACS\u0102 A ANILOR &#8217;80. 60 de ani de excelen\u021b\u0103! Extras din lucrarea &#8220;REALIZ\u0102RI \u00ceN ROBOTICA ROM\u00c2NEASC\u0102 A ANILOR \u201880&#8221;, autori Ing. Emil STUDINEANU Dr. Ing. Ovidiu Popovici-Vlad. Publicat \u00een PROCEEDINGS OF 4TH INTERNATIONAL CONFERENCE ON ROBOTICS November 13-14, 2008, Bra\u015fov, Romania. Dac\u0103 startul roboticii rom\u00e2ne\u0219ti \u201cs-a dat\u201d mult mai t\u00e2rziu dec\u00e2t pe&hellip;<\/p>\n","protected":false},"author":3,"featured_media":0,"parent":0,"menu_order":0,"comment_status":"closed","ping_status":"closed","template":"elementor_header_footer","meta":{"_mi_skip_tracking":false,"footnotes":""},"class_list":["post-14296","page","type-page","status-publish","hentry"],"_links":{"self":[{"href":"https:\/\/automatica.ro\/index.php?rest_route=\/wp\/v2\/pages\/14296","targetHints":{"allow":["GET"]}}],"collection":[{"href":"https:\/\/automatica.ro\/index.php?rest_route=\/wp\/v2\/pages"}],"about":[{"href":"https:\/\/automatica.ro\/index.php?rest_route=\/wp\/v2\/types\/page"}],"author":[{"embeddable":true,"href":"https:\/\/automatica.ro\/index.php?rest_route=\/wp\/v2\/users\/3"}],"replies":[{"embeddable":true,"href":"https:\/\/automatica.ro\/index.php?rest_route=%2Fwp%2Fv2%2Fcomments&post=14296"}],"version-history":[{"count":25,"href":"https:\/\/automatica.ro\/index.php?rest_route=\/wp\/v2\/pages\/14296\/revisions"}],"predecessor-version":[{"id":14445,"href":"https:\/\/automatica.ro\/index.php?rest_route=\/wp\/v2\/pages\/14296\/revisions\/14445"}],"wp:attachment":[{"href":"https:\/\/automatica.ro\/index.php?rest_route=%2Fwp%2Fv2%2Fmedia&parent=14296"}],"curies":[{"name":"wp","href":"https:\/\/api.w.org\/{rel}","templated":true}]}}