{"id":14261,"date":"2020-02-10T15:30:37","date_gmt":"2020-02-10T13:30:37","guid":{"rendered":"https:\/\/automatica.ro\/?page_id=14261"},"modified":"2020-02-17T12:50:50","modified_gmt":"2020-02-17T10:50:50","slug":"decizia-infiintate-automatica-sa","status":"publish","type":"page","link":"https:\/\/automatica.ro\/?page_id=14261","title":{"rendered":"Decizia de \u00eenfiin\u021bare Automatica SA"},"content":{"rendered":"\t\t<div data-elementor-type=\"wp-page\" data-elementor-id=\"14261\" class=\"elementor elementor-14261\" data-elementor-settings=\"[]\">\n\t\t\t\t\t\t<div class=\"elementor-inner\">\n\t\t\t\t\t\t\t<div class=\"elementor-section-wrap\">\n\t\t\t\t\t\t\t<section class=\"elementor-section elementor-top-section elementor-element elementor-element-7f8b4ba elementor-section-full_width elementor-section-height-min-height elementor-section-height-default elementor-section-items-middle\" data-id=\"7f8b4ba\" data-element_type=\"section\">\n\t\t\t\t\t\t<div class=\"elementor-container elementor-column-gap-no\">\n\t\t\t\t\t\t\t<div class=\"elementor-row\">\n\t\t\t\t\t<div class=\"elementor-column elementor-col-100 elementor-top-column elementor-element elementor-element-0d09855\" data-id=\"0d09855\" data-element_type=\"column\">\n\t\t\t<div class=\"elementor-column-wrap\">\n\t\t\t\t\t\t\t<div class=\"elementor-widget-wrap\">\n\t\t\t\t\t\t\t\t<\/div>\n\t\t\t\t\t<\/div>\n\t\t<\/div>\n\t\t\t\t\t\t\t\t<\/div>\n\t\t\t\t\t<\/div>\n\t\t<\/section>\n\t\t\t\t<section class=\"elementor-section elementor-top-section elementor-element elementor-element-8c3ca0f elementor-section-full_width elementor-section-height-min-height elementor-section-height-default elementor-section-items-middle\" data-id=\"8c3ca0f\" data-element_type=\"section\" data-settings=\"{&quot;background_background&quot;:&quot;classic&quot;}\">\n\t\t\t\t\t\t<div class=\"elementor-container elementor-column-gap-no\">\n\t\t\t\t\t\t\t<div class=\"elementor-row\">\n\t\t\t\t\t<div class=\"elementor-column elementor-col-100 elementor-top-column elementor-element elementor-element-b91d859\" data-id=\"b91d859\" data-element_type=\"column\" data-settings=\"{&quot;background_background&quot;:&quot;classic&quot;}\">\n\t\t\t<div class=\"elementor-column-wrap elementor-element-populated\">\n\t\t\t\t\t\t\t<div class=\"elementor-widget-wrap\">\n\t\t\t\t\t\t<section class=\"elementor-section elementor-inner-section elementor-element elementor-element-7eabba9 elementor-section-height-min-height elementor-section-boxed elementor-section-height-default\" data-id=\"7eabba9\" data-element_type=\"section\">\n\t\t\t\t\t\t<div class=\"elementor-container elementor-column-gap-no\">\n\t\t\t\t\t\t\t<div class=\"elementor-row\">\n\t\t\t\t\t<div class=\"elementor-column elementor-col-100 elementor-inner-column elementor-element elementor-element-b09ceee\" data-id=\"b09ceee\" data-element_type=\"column\">\n\t\t\t<div class=\"elementor-column-wrap elementor-element-populated\">\n\t\t\t\t\t\t\t<div class=\"elementor-widget-wrap\">\n\t\t\t\t\t\t<div class=\"elementor-element elementor-element-ec810a4 elementor-widget elementor-widget-heading\" data-id=\"ec810a4\" data-element_type=\"widget\" data-widget_type=\"heading.default\">\n\t\t\t\t<div class=\"elementor-widget-container\">\n\t\t\t<h2 class=\"elementor-heading-title elementor-size-default\">. <\/br> \n. <\/br> \n..<\/br> \n.<\/h2>\t\t<\/div>\n\t\t\t\t<\/div>\n\t\t\t\t\t\t<\/div>\n\t\t\t\t\t<\/div>\n\t\t<\/div>\n\t\t\t\t\t\t\t\t<\/div>\n\t\t\t\t\t<\/div>\n\t\t<\/section>\n\t\t\t\t\t\t<\/div>\n\t\t\t\t\t<\/div>\n\t\t<\/div>\n\t\t\t\t\t\t\t\t<\/div>\n\t\t\t\t\t<\/div>\n\t\t<\/section>\n\t\t\t\t<section class=\"elementor-section elementor-top-section elementor-element elementor-element-d1e0d7b elementor-section-boxed elementor-section-height-default elementor-section-height-default\" data-id=\"d1e0d7b\" data-element_type=\"section\">\n\t\t\t\t\t\t<div class=\"elementor-container elementor-column-gap-default\">\n\t\t\t\t\t\t\t<div class=\"elementor-row\">\n\t\t\t\t\t<div class=\"elementor-column elementor-col-50 elementor-top-column elementor-element elementor-element-c317c14\" data-id=\"c317c14\" data-element_type=\"column\">\n\t\t\t<div class=\"elementor-column-wrap elementor-element-populated\">\n\t\t\t\t\t\t\t<div class=\"elementor-widget-wrap\">\n\t\t\t\t\t\t<div class=\"elementor-element elementor-element-c99cb77 elementor-widget elementor-widget-text-editor\" data-id=\"c99cb77\" data-element_type=\"widget\" data-widget_type=\"text-editor.default\">\n\t\t\t\t<div class=\"elementor-widget-container\">\n\t\t\t\t\t\t\t\t<div class=\"elementor-text-editor elementor-clearfix\">\n\t\t\t\t\t<p>Pe 18 februarie 1960, Consiliul de Mini\u0219tri al Republicii Populare Rom\u00e2ne adopt\u0103 hot\u0103r\u00e2rea nr. 147 privind \u00eenfiin\u021barea \u00eentreprinderii &#8220;Automatica&#8221; cu scopul de a dezvolta un furnizor na\u021bional de echipamente pentru automatizarea industriei.<\/p><p><em>&#8220;Pentru realizarea ritmului \u00eenalt necesar pentru dezvoltarea industriei, construc\u021biilor, agriculturii \u0219i transporturilor \u00een anii urm\u0103tori, precum \u0219i pentru u\u0219urarea condi\u021biilor de munc\u0103 odat\u0103 cu cres\u0219erea considerabil\u0103 a productivit\u0103\u021bii muncii [&#8230;], se \u00eenfiin\u021beaz\u0103 \u00een Bucure\u0219ti, \u00een cadrul Ministerului Industriei Grele, \u00centreprinderea Industrial\u0103 de stat Automatica&#8221;.<\/em><\/p><p>Aceasta va avea ca atribu\u021bii principale \u00eentocmirea proiectelor de automatizare a proceselor tehnologice, a ma\u0219inilor \u0219i agregatelor din toate ramurile industriale, livrarea de echipamente complete de automatizare precum \u0219i executarea \u00een atelierele proprii a subansamblelor respective &#8211; panouri, pupitre, mese de comand\u0103 &#8211; , executarea montajului general, reglarea \u0219i darea \u00een func\u021biune, verificare, reglare periodic\u0103 \u0219i formarea personalului care vor deservi aceste echipamente.<\/p><p>Automatica a crescut al\u0103turi de industria rom\u00e2neasc\u0103 \u0219i a avut un rol major \u00een dezvoltarea acesteia. Multe echipamente inovative rezultate din efortul departamentelor de cercetare au fost \u0219i sunt \u00eenc\u0103 recunoscute \u0219i pe plan international. Istoria Automatica a demonstrat c\u0103 spiritul inovator a supravie\u021buit epocilor \u0219i transform\u0103rilor. Provocarea Industrie 4.0 este o nou\u0103 etap\u0103 construit\u0103 pe un fundament solid.<\/p>\t\t\t\t\t<\/div>\n\t\t\t\t\t\t<\/div>\n\t\t\t\t<\/div>\n\t\t\t\t\t\t<\/div>\n\t\t\t\t\t<\/div>\n\t\t<\/div>\n\t\t\t\t<div class=\"elementor-column elementor-col-50 elementor-top-column elementor-element elementor-element-31eef13\" data-id=\"31eef13\" data-element_type=\"column\">\n\t\t\t<div class=\"elementor-column-wrap elementor-element-populated\">\n\t\t\t\t\t\t\t<div class=\"elementor-widget-wrap\">\n\t\t\t\t\t\t<div class=\"elementor-element elementor-element-8420e51 elementor-widget elementor-widget-image\" data-id=\"8420e51\" data-element_type=\"widget\" data-widget_type=\"image.default\">\n\t\t\t\t<div class=\"elementor-widget-container\">\n\t\t\t\t\t\t\t\t<div class=\"elementor-image\">\n\t\t\t\t\t\t\t\t\t<figure class=\"wp-caption\">\n\t\t\t\t\t\t\t\t\t\t\t<a href=\"https:\/\/automatica.ro\/wp-content\/uploads\/2020\/02\/hotarare_snippet.jpg\" data-elementor-open-lightbox=\"yes\" data-elementor-lightbox-title=\"hotarare_snippet\">\n\t\t\t\t\t\t\t<img decoding=\"async\" width=\"225\" height=\"300\" src=\"https:\/\/automatica.ro\/wp-content\/uploads\/2020\/02\/hotarare_snippet-225x300.jpg\" class=\"attachment-medium size-medium\" alt=\"\" srcset=\"https:\/\/automatica.ro\/wp-content\/uploads\/2020\/02\/hotarare_snippet-225x300.jpg 225w, https:\/\/automatica.ro\/wp-content\/uploads\/2020\/02\/hotarare_snippet-768x1024.jpg 768w, https:\/\/automatica.ro\/wp-content\/uploads\/2020\/02\/hotarare_snippet-576x768.jpg 576w, https:\/\/automatica.ro\/wp-content\/uploads\/2020\/02\/hotarare_snippet-432x576.jpg 432w, https:\/\/automatica.ro\/wp-content\/uploads\/2020\/02\/hotarare_snippet-180x240.jpg 180w, https:\/\/automatica.ro\/wp-content\/uploads\/2020\/02\/hotarare_snippet.jpg 1000w\" sizes=\"(max-width: 225px) 100vw, 225px\" \/>\t\t\t\t\t\t\t\t<\/a>\n\t\t\t\t\t\t\t\t\t\t\t<figcaption class=\"widget-image-caption wp-caption-text\">Extras din hot\u0103r\u00e2rea nr. 147 a Consiliului de Mini\u0219tri al Republicii Populare Rom\u00e2ne (copie)<\/figcaption>\n\t\t\t\t\t\t\t\t\t\t<\/figure>\n\t\t\t\t\t\t\t\t<\/div>\n\t\t\t\t\t\t<\/div>\n\t\t\t\t<\/div>\n\t\t\t\t<div class=\"elementor-element elementor-element-037d1d2 elementor-widget elementor-widget-image\" data-id=\"037d1d2\" data-element_type=\"widget\" data-widget_type=\"image.default\">\n\t\t\t\t<div class=\"elementor-widget-container\">\n\t\t\t\t\t\t\t\t<div class=\"elementor-image\">\n\t\t\t\t\t\t\t\t\t<figure class=\"wp-caption\">\n\t\t\t\t\t\t\t\t\t\t\t<a href=\"https:\/\/automatica.ro\/wp-content\/uploads\/2020\/02\/nationalizare.jpg\" data-elementor-open-lightbox=\"yes\" data-elementor-lightbox-title=\"nationalizare\">\n\t\t\t\t\t\t\t<img decoding=\"async\" width=\"300\" height=\"241\" src=\"https:\/\/automatica.ro\/wp-content\/uploads\/2020\/02\/nationalizare-300x241.jpg\" class=\"attachment-medium size-medium\" alt=\"\" srcset=\"https:\/\/automatica.ro\/wp-content\/uploads\/2020\/02\/nationalizare-300x241.jpg 300w, https:\/\/automatica.ro\/wp-content\/uploads\/2020\/02\/nationalizare-768x617.jpg 768w, https:\/\/automatica.ro\/wp-content\/uploads\/2020\/02\/nationalizare.jpg 1024w, https:\/\/automatica.ro\/wp-content\/uploads\/2020\/02\/nationalizare-956x768.jpg 956w, https:\/\/automatica.ro\/wp-content\/uploads\/2020\/02\/nationalizare-717x576.jpg 717w, https:\/\/automatica.ro\/wp-content\/uploads\/2020\/02\/nationalizare-299x240.jpg 299w\" sizes=\"(max-width: 300px) 100vw, 300px\" \/>\t\t\t\t\t\t\t\t<\/a>\n\t\t\t\t\t\t\t\t\t\t\t<figcaption class=\"widget-image-caption wp-caption-text\">Extras din presa vremurilor - procesul de na\u021bionalizare.<\/figcaption>\n\t\t\t\t\t\t\t\t\t\t<\/figure>\n\t\t\t\t\t\t\t\t<\/div>\n\t\t\t\t\t\t<\/div>\n\t\t\t\t<\/div>\n\t\t\t\t\t\t<\/div>\n\t\t\t\t\t<\/div>\n\t\t<\/div>\n\t\t\t\t\t\t\t\t<\/div>\n\t\t\t\t\t<\/div>\n\t\t<\/section>\n\t\t\t\t<section class=\"elementor-section elementor-top-section elementor-element elementor-element-d193cb8 elementor-section-boxed elementor-section-height-default elementor-section-height-default\" data-id=\"d193cb8\" data-element_type=\"section\">\n\t\t\t\t\t\t<div class=\"elementor-container elementor-column-gap-default\">\n\t\t\t\t\t\t\t<div class=\"elementor-row\">\n\t\t\t\t\t<div class=\"elementor-column elementor-col-100 elementor-top-column elementor-element elementor-element-d93ca3b\" data-id=\"d93ca3b\" data-element_type=\"column\">\n\t\t\t<div class=\"elementor-column-wrap\">\n\t\t\t\t\t\t\t<div class=\"elementor-widget-wrap\">\n\t\t\t\t\t\t\t\t<\/div>\n\t\t\t\t\t<\/div>\n\t\t<\/div>\n\t\t\t\t\t\t\t\t<\/div>\n\t\t\t\t\t<\/div>\n\t\t<\/section>\n\t\t\t\t\t\t<\/div>\n\t\t\t\t\t\t<\/div>\n\t\t\t\t\t<\/div>\n\t\t","protected":false},"excerpt":{"rendered":"<p>. . .. . Pe 18 februarie 1960, Consiliul de Mini\u0219tri al Republicii Populare Rom\u00e2ne adopt\u0103 hot\u0103r\u00e2rea nr. 147 privind \u00eenfiin\u021barea \u00eentreprinderii &#8220;Automatica&#8221; cu scopul de a dezvolta un furnizor na\u021bional de echipamente pentru automatizarea industriei. &#8220;Pentru realizarea ritmului \u00eenalt necesar pentru dezvoltarea industriei, construc\u021biilor, agriculturii \u0219i transporturilor \u00een anii urm\u0103tori, precum \u0219i pentru u\u0219urarea&hellip;<\/p>\n","protected":false},"author":3,"featured_media":0,"parent":0,"menu_order":0,"comment_status":"closed","ping_status":"closed","template":"elementor_header_footer","meta":{"_mi_skip_tracking":false,"footnotes":""},"class_list":["post-14261","page","type-page","status-publish","hentry"],"_links":{"self":[{"href":"https:\/\/automatica.ro\/index.php?rest_route=\/wp\/v2\/pages\/14261","targetHints":{"allow":["GET"]}}],"collection":[{"href":"https:\/\/automatica.ro\/index.php?rest_route=\/wp\/v2\/pages"}],"about":[{"href":"https:\/\/automatica.ro\/index.php?rest_route=\/wp\/v2\/types\/page"}],"author":[{"embeddable":true,"href":"https:\/\/automatica.ro\/index.php?rest_route=\/wp\/v2\/users\/3"}],"replies":[{"embeddable":true,"href":"https:\/\/automatica.ro\/index.php?rest_route=%2Fwp%2Fv2%2Fcomments&post=14261"}],"version-history":[{"count":28,"href":"https:\/\/automatica.ro\/index.php?rest_route=\/wp\/v2\/pages\/14261\/revisions"}],"predecessor-version":[{"id":14414,"href":"https:\/\/automatica.ro\/index.php?rest_route=\/wp\/v2\/pages\/14261\/revisions\/14414"}],"wp:attachment":[{"href":"https:\/\/automatica.ro\/index.php?rest_route=%2Fwp%2Fv2%2Fmedia&parent=14261"}],"curies":[{"name":"wp","href":"https:\/\/api.w.org\/{rel}","templated":true}]}}