{"id":14233,"date":"2020-02-10T13:38:04","date_gmt":"2020-02-10T11:38:04","guid":{"rendered":"https:\/\/automatica.ro\/?page_id=14233"},"modified":"2020-02-18T10:25:32","modified_gmt":"2020-02-18T08:25:32","slug":"comunicat-automatica-60-ani","status":"publish","type":"page","link":"https:\/\/automatica.ro\/?page_id=14233","title":{"rendered":"Automatica &#8211; 60 de ani!"},"content":{"rendered":"\t\t<div data-elementor-type=\"wp-page\" data-elementor-id=\"14233\" class=\"elementor elementor-14233\" data-elementor-settings=\"[]\">\n\t\t\t\t\t\t<div class=\"elementor-inner\">\n\t\t\t\t\t\t\t<div class=\"elementor-section-wrap\">\n\t\t\t\t\t\t\t<section class=\"elementor-section elementor-top-section elementor-element elementor-element-7563321 elementor-section-full_width elementor-section-height-min-height elementor-section-height-default elementor-section-items-middle\" data-id=\"7563321\" data-element_type=\"section\">\n\t\t\t\t\t\t<div class=\"elementor-container elementor-column-gap-no\">\n\t\t\t\t\t\t\t<div class=\"elementor-row\">\n\t\t\t\t\t<div class=\"elementor-column elementor-col-100 elementor-top-column elementor-element elementor-element-6b56397\" data-id=\"6b56397\" data-element_type=\"column\">\n\t\t\t<div class=\"elementor-column-wrap\">\n\t\t\t\t\t\t\t<div class=\"elementor-widget-wrap\">\n\t\t\t\t\t\t\t\t<\/div>\n\t\t\t\t\t<\/div>\n\t\t<\/div>\n\t\t\t\t\t\t\t\t<\/div>\n\t\t\t\t\t<\/div>\n\t\t<\/section>\n\t\t\t\t<section class=\"elementor-section elementor-top-section elementor-element elementor-element-a96baa2 elementor-section-full_width elementor-section-height-min-height elementor-section-height-default elementor-section-items-middle\" data-id=\"a96baa2\" data-element_type=\"section\">\n\t\t\t\t\t\t<div class=\"elementor-container elementor-column-gap-no\">\n\t\t\t\t\t\t\t<div class=\"elementor-row\">\n\t\t\t\t\t<div class=\"elementor-column elementor-col-100 elementor-top-column elementor-element elementor-element-1cd933f\" data-id=\"1cd933f\" data-element_type=\"column\" data-settings=\"{&quot;background_background&quot;:&quot;classic&quot;}\">\n\t\t\t<div class=\"elementor-column-wrap elementor-element-populated\">\n\t\t\t\t\t\t\t<div class=\"elementor-widget-wrap\">\n\t\t\t\t\t\t<section class=\"elementor-section elementor-inner-section elementor-element elementor-element-245a292 elementor-section-height-min-height elementor-section-boxed elementor-section-height-default\" data-id=\"245a292\" data-element_type=\"section\">\n\t\t\t\t\t\t<div class=\"elementor-container elementor-column-gap-no\">\n\t\t\t\t\t\t\t<div class=\"elementor-row\">\n\t\t\t\t\t<div class=\"elementor-column elementor-col-100 elementor-inner-column elementor-element elementor-element-e2bc8fb\" data-id=\"e2bc8fb\" data-element_type=\"column\">\n\t\t\t<div class=\"elementor-column-wrap elementor-element-populated\">\n\t\t\t\t\t\t\t<div class=\"elementor-widget-wrap\">\n\t\t\t\t\t\t<div class=\"elementor-element elementor-element-da4a403 elementor-widget elementor-widget-heading\" data-id=\"da4a403\" data-element_type=\"widget\" data-widget_type=\"heading.default\">\n\t\t\t\t<div class=\"elementor-widget-container\">\n\t\t\t<h2 class=\"elementor-heading-title elementor-size-default\">POVESTEA <br> \nAUTOMATICA<br> \nPRIVIND<br>\nSPRE VIITOR.<\/h2>\t\t<\/div>\n\t\t\t\t<\/div>\n\t\t\t\t\t\t<\/div>\n\t\t\t\t\t<\/div>\n\t\t<\/div>\n\t\t\t\t\t\t\t\t<\/div>\n\t\t\t\t\t<\/div>\n\t\t<\/section>\n\t\t\t\t\t\t<\/div>\n\t\t\t\t\t<\/div>\n\t\t<\/div>\n\t\t\t\t\t\t\t\t<\/div>\n\t\t\t\t\t<\/div>\n\t\t<\/section>\n\t\t\t\t<section class=\"elementor-section elementor-top-section elementor-element elementor-element-d1e0d7b elementor-section-boxed elementor-section-height-default elementor-section-height-default\" data-id=\"d1e0d7b\" data-element_type=\"section\">\n\t\t\t\t\t\t<div class=\"elementor-container elementor-column-gap-default\">\n\t\t\t\t\t\t\t<div class=\"elementor-row\">\n\t\t\t\t\t<div class=\"elementor-column elementor-col-100 elementor-top-column elementor-element elementor-element-c317c14\" data-id=\"c317c14\" data-element_type=\"column\">\n\t\t\t<div class=\"elementor-column-wrap elementor-element-populated\">\n\t\t\t\t\t\t\t<div class=\"elementor-widget-wrap\">\n\t\t\t\t\t\t<div class=\"elementor-element elementor-element-c99cb77 elementor-widget elementor-widget-text-editor\" data-id=\"c99cb77\" data-element_type=\"widget\" data-widget_type=\"text-editor.default\">\n\t\t\t\t<div class=\"elementor-widget-container\">\n\t\t\t\t\t\t\t\t<div class=\"elementor-text-editor elementor-clearfix\">\n\t\t\t\t\t<p>Dup\u0103 na\u021bionalizarea din 1948, vechea fabrica Ford din Floreasca p\u0103rea ca nu \u00ee\u0219i g\u0103se\u0219te rostul. P\u00e2n\u0103 \u00een 1960 \u0219i-a schimbat de trei ori obiectul de activitate \u0219i denumirea. Pe 18 februarie 1960, Consiliul de Mini\u0219tri decidea \u00eenfiin\u021barea Automatica, parte dintr-un plan mai amplu de cre\u0219tere a exporturilor \u0219i automatizare a proceselor industriale. Noua fabric\u0103 avea s\u0103 fie g\u0103zduit\u0103 de fosta uzina Ford.<\/p><p>Rom\u00e2nia acelor vremuri \u00ee\u0219i revenea cu greu dup\u0103 r\u0103zboi \u0219i plata datoriilor. \u00cen 1959 PIB total se ridica la 39,8 mld. USD ppc 2000, PIB\/locuitor la 2410 USD ppc 2000, iar 81,2% din popula\u021bia ocupat\u0103 lucra \u00een agricultur\u0103 <span style=\"font-size: 0.8em;\">[1]<\/span>.<\/p><p>Automatica \u00ee\u0219i \u00eencepe a\u0219adar pionieratul \u00een plin proces de industrializare for\u021bat\u0103, \u00een lumea comunist\u0103 separat\u0103 de tehnologia vestului. \u00cen acea lume ostil\u0103, genera\u021bii de ingineri \u0219i tehnicieni pricepu\u021bi au inventat \u0219i construit sisteme complexe de automatizare pentru industrie, energetic\u0103 sau transporturi. Echipamentele livrate \u0219i-au dovedit fiabilitatea \u00een zeci de ani de func\u021bionare.<\/p><p>Indiferent de regimul politic, oamenii au fost aceia care au adus valoare organiza\u021biei. Din genera\u021bie \u00een genera\u021bie s-a transmis pasiunea pentru inovare, responsabilitatea pentru lucrul bine f\u0103cut, ambi\u021bia de a fi printre cei mai buni. Cu aceste valori mo\u0219tenite, Automatica prive\u0219te spre viitor, gata s\u0103 fac\u0103 fa\u021b\u0103 noilor provoc\u0103ri tehnologice.<\/p><p>Ast\u0103zi, Automatica este mai mult dec\u00e2t un furnizor de echipamente. Reducerea costurilor de operare, cre\u0219terea siguran\u021bei \u00een exploatare \u0219i fiabilit\u0103\u021bii, digitizarea proceselor, precum \u0219i reducerea impactului asupra mediului sunt preocup\u0103rile clien\u021bilor no\u0219tri \u0219i, implicit, priorit\u0103\u021bile Automatica \u00een configurarea produselor \u0219i serviciilor oferite.<\/p><p><span style=\"font-size: 0.8em;\">[1]<\/span> <span style=\"font-size: 0.8em;\">Gross Domestic Product \u2013 National Income of Romania 1862 \u2013 2010. Secular statistical series and methodological foundations.\u00a0Axenciuc, Victor and Georgescu, George.\u00a0Institute of National Economy, 16 October 2017<\/span><\/p>\t\t\t\t\t<\/div>\n\t\t\t\t\t\t<\/div>\n\t\t\t\t<\/div>\n\t\t\t\t\t\t<\/div>\n\t\t\t\t\t<\/div>\n\t\t<\/div>\n\t\t\t\t\t\t\t\t<\/div>\n\t\t\t\t\t<\/div>\n\t\t<\/section>\n\t\t\t\t\t\t<\/div>\n\t\t\t\t\t\t<\/div>\n\t\t\t\t\t<\/div>\n\t\t","protected":false},"excerpt":{"rendered":"<p>POVESTEA AUTOMATICA PRIVIND SPRE VIITOR. Dup\u0103 na\u021bionalizarea din 1948, vechea fabrica Ford din Floreasca p\u0103rea ca nu \u00ee\u0219i g\u0103se\u0219te rostul. P\u00e2n\u0103 \u00een 1960 \u0219i-a schimbat de trei ori obiectul de activitate \u0219i denumirea. Pe 18 februarie 1960, Consiliul de Mini\u0219tri decidea \u00eenfiin\u021barea Automatica, parte dintr-un plan mai amplu de cre\u0219tere a exporturilor \u0219i automatizare a&hellip;<\/p>\n","protected":false},"author":3,"featured_media":0,"parent":0,"menu_order":0,"comment_status":"closed","ping_status":"closed","template":"elementor_header_footer","meta":{"_mi_skip_tracking":false,"footnotes":""},"class_list":["post-14233","page","type-page","status-publish","hentry"],"_links":{"self":[{"href":"https:\/\/automatica.ro\/index.php?rest_route=\/wp\/v2\/pages\/14233","targetHints":{"allow":["GET"]}}],"collection":[{"href":"https:\/\/automatica.ro\/index.php?rest_route=\/wp\/v2\/pages"}],"about":[{"href":"https:\/\/automatica.ro\/index.php?rest_route=\/wp\/v2\/types\/page"}],"author":[{"embeddable":true,"href":"https:\/\/automatica.ro\/index.php?rest_route=\/wp\/v2\/users\/3"}],"replies":[{"embeddable":true,"href":"https:\/\/automatica.ro\/index.php?rest_route=%2Fwp%2Fv2%2Fcomments&post=14233"}],"version-history":[{"count":23,"href":"https:\/\/automatica.ro\/index.php?rest_route=\/wp\/v2\/pages\/14233\/revisions"}],"predecessor-version":[{"id":14424,"href":"https:\/\/automatica.ro\/index.php?rest_route=\/wp\/v2\/pages\/14233\/revisions\/14424"}],"wp:attachment":[{"href":"https:\/\/automatica.ro\/index.php?rest_route=%2Fwp%2Fv2%2Fmedia&parent=14233"}],"curies":[{"name":"wp","href":"https:\/\/api.w.org\/{rel}","templated":true}]}}