{"id":13075,"date":"2018-08-24T13:57:12","date_gmt":"2018-08-24T13:57:12","guid":{"rendered":"http:\/\/exclusiveweb.info\/automatica-ro\/?page_id=13075"},"modified":"2026-04-24T02:00:48","modified_gmt":"2026-04-23T23:00:48","slug":"cariere","status":"publish","type":"page","link":"https:\/\/automatica.ro\/?page_id=13075","title":{"rendered":"Cariere"},"content":{"rendered":"<p>[vc_row][vc_column][vc_column_text]<\/p>\n<h4 style=\"text-align: left;\">Pozi\u021bii disponibile \u00een echipa noastr\u0103:<\/h4>\n<ul>\n<li><a href=\"https:\/\/automatica.ro\/cariere\/inginer-achizitii-electrotehnica\/\">INGINER ACHIZI\u021aII &#8211; ELECTROTEHNIC\u0102<\/a><\/li>\n<li><a href=\"https:\/\/automatica.ro\/cariere\/inginer-senior-proiectare-electrica\/\">INGINER SENIOR PROIECTARE ELECTRIC\u0102<\/a><\/li>\n<\/ul>\n<p>[\/vc_column_text][vc_separator][\/vc_column][\/vc_row][vc_row][vc_column][vc_column_text]<\/p>\n<h4 style=\"text-align: left;\"><strong>Automatica SA<\/strong>\u00a0\u2013\u00a0<em>o echip\u0103 de genera\u0163ii<\/em><\/h4>\n<p style=\"text-align: left;\">Automatica \u00ee\u015fi leag\u0103 numele de cele mai importante obiective industriale ale Romaniei \u015fi nu numai. Tradi\u0163ia cercet\u0103rii-dezvolt\u0103rii s-a men\u0163inut vie, astfel \u00eenc\u00e2t, ast\u0103zi, genera\u0163ii de ingineri \u015fi tehnicieni combin\u0103 experien\u0163a \u015fi ingeniozitatea, racorda\u0163i la o lume a tehnologiei \u00een continu\u0103 schimbare.<\/p>\n<p style=\"text-align: left;\">Pentru pasiona\u0163ii de acest domeniu, indiferent de specializare sau v\u00e2rst\u0103, Automatica SA ofer\u0103 cadrul afirm\u0103rii calit\u0103\u0163ilor personale prin deschiderea spre nou, dar \u015fi prin programele de preg\u0103tire profesional\u0103 sau planurile de carier\u0103.<\/p>\n<p style=\"text-align: left;\"><strong>Specializari<\/strong>: medie tensiune, joas\u0103 tensiune, SCADA, automatiz\u0103ri, echipamente industriale pentru c\u00e2nt\u0103rire \u015fi dozare, robo\u0163i industriali.<\/p>\n<p style=\"text-align: left;\"><strong>Clien\u0163i<\/strong>: produc\u0163ie de energie, utilit\u0103\u0163i, industrii procesatoare, transporturi, construc\u0163ii, infrastructur\u0103, agricultur\u0103.<\/p>\n<p>[\/vc_column_text][vc_separator][\/vc_column][\/vc_row][vc_row][vc_column width=&#8221;1\/3&#8243;][vc_column_text]<\/p>\n<h3 style=\"text-align: left;\">SUNTEM O ECHIP\u0102<\/h3>\n<p>[\/vc_column_text][vc_single_image image=&#8221;13088&#8243; img_size=&#8221;555&#215;250&#8243; alignment=&#8221;right&#8221;][vc_column_text]Te \u00eencuraj\u0103m s\u0103 \u00ee\u021bi dep\u0103\u0219e\u0219ti poten\u021bialul \u0219i astfel s\u0103 contribui la creareea unor produse extraordinare \u00een fiecare zi. Succesul echipei Automatica are la baz\u0103 aportul fiec\u0103rui angajat iar colaborarea \u0219i munca \u00een echip\u0103 este un element definitoriu \u00een atingerea performan\u021bei.[\/vc_column_text][\/vc_column][vc_column width=&#8221;1\/3&#8243;][vc_column_text]<\/p>\n<h3 style=\"text-align: left;\">CARIER\u0102<\/h3>\n<p>[\/vc_column_text][vc_single_image image=&#8221;13087&#8243; img_size=&#8221;555&#215;250&#8243; alignment=&#8221;right&#8221;][vc_column_text]Via\u021ba este drum pe care dezvoltarea personal\u0103 este la fel de important\u0103 precum cariera profesional\u0103. \u00ce\u021bi oferim mediul \u00een care s\u0103 \u00ee\u021bi desenezi traseul t\u0103u, s\u0103 \u00ee\u021bi dezvol\u021bi poten\u021bialul \u0219i s\u0103 contribui activ \u00een inova\u021bia, performan\u021ba \u0219i fiabilitatea produselor Automatica![\/vc_column_text][\/vc_column][vc_column width=&#8221;1\/3&#8243;][vc_column_text]<\/p>\n<h3 style=\"text-align: left;\">PROFESIONI\u0218TI<\/h3>\n<p>[\/vc_column_text][vc_single_image image=&#8221;13086&#8243; img_size=&#8221;555&#215;250&#8243; alignment=&#8221;right&#8221;][vc_column_text]Suntem lideri in ceea ce facem si mereu in avantgarda. De aceea cautam profesionisti experimentati care isi doresc sa impinga limitele si duca povestea de success mai departe. Ca un profesionist in domeniu vei avea posibilitatea sa iti folosesti si sa-ti extinzi cunostintele chiar din prima zi.[\/vc_column_text][\/vc_column][\/vc_row][vc_row][vc_column][vc_empty_space][\/vc_column][\/vc_row][vc_row][vc_column][\/vc_column][\/vc_row][vc_row][vc_column][vc_column_text]<\/p>\n<section id=\"video_section\" class=\"video_section background table_row careers_send_cv\">\n<div class=\"container\">\n<div class=\"row\">\n<div class=\"right col-lg-9 col-md-9 col-sm-9 col-xs-12\">\n<div class=\"subsection_title\">\n<h3>E\u015fti la \u00eenceput de drum sau vrei s\u0103 faci urm\u0103torul pas \u00een carier\u0103? Te a\u015ftept\u0103m s\u0103 faci parte din echipa AUTOMATICA!<\/h3>\n<p>Ne poti trimite CV-ul tau iar cand avem o pozitie potrivita pentru tine, te contactam.<\/p>\n<p>Nota: CV-ul tau precum si datele de contact sunt date cu caracter personal iar prin expedierea lor iti oferi acordul pentru stocarea si utilizarea lor\u00a0 in scopul procesului de recrutare. Mai multe despre acest lucru, <strong><a href=\"https:\/\/automatica.ro\/protectia-datelor\/\">aici<\/a>.<\/strong><\/p>\n<\/div>\n<\/div>\n<\/div>\n<\/div>\n<\/section>\n<p>[\/vc_column_text][\/vc_column][\/vc_row][vc_row css=&#8221;.vc_custom_1535468074575{margin-bottom: 30px !important;}&#8221;][vc_column]\n<div class=\"wpcf7 no-js\" id=\"wpcf7-f13291-o1\" lang=\"en-US\" dir=\"ltr\" data-wpcf7-id=\"13291\">\n<div class=\"screen-reader-response\"><p role=\"status\" aria-live=\"polite\" aria-atomic=\"true\"><\/p> <ul><\/ul><\/div>\n<form action=\"\/index.php?rest_route=%2Fwp%2Fv2%2Fpages%2F13075#wpcf7-f13291-o1\" method=\"post\" class=\"wpcf7-form init\" aria-label=\"Contact form\" enctype=\"multipart\/form-data\" novalidate=\"novalidate\" data-status=\"init\">\n<fieldset class=\"hidden-fields-container\"><input type=\"hidden\" name=\"_wpcf7\" value=\"13291\" \/><input type=\"hidden\" name=\"_wpcf7_version\" value=\"6.1.5\" \/><input type=\"hidden\" name=\"_wpcf7_locale\" value=\"en_US\" \/><input type=\"hidden\" name=\"_wpcf7_unit_tag\" value=\"wpcf7-f13291-o1\" \/><input type=\"hidden\" name=\"_wpcf7_container_post\" value=\"0\" \/><input type=\"hidden\" name=\"_wpcf7_posted_data_hash\" value=\"\" \/>\n<\/fieldset>\n<div class=\"vc_row wpb_row\">\n\t<div class=\"col-sm-6\">\n\t\t<p><span class=\"wpcf7-form-control-wrap\" data-name=\"nume\"><input size=\"40\" maxlength=\"400\" class=\"wpcf7-form-control wpcf7-text wpcf7-validates-as-required\" aria-required=\"true\" aria-invalid=\"false\" placeholder=\"Nume\" value=\"\" type=\"text\" name=\"nume\" \/><\/span>\n\t\t<\/p>\n\t<\/div>\n\t<div class=\"col-sm-6\">\n\t\t<p><span class=\"wpcf7-form-control-wrap\" data-name=\"adresa-email\"><input size=\"40\" maxlength=\"400\" class=\"wpcf7-form-control wpcf7-email wpcf7-validates-as-required wpcf7-text wpcf7-validates-as-email\" aria-required=\"true\" aria-invalid=\"false\" placeholder=\"Email\" value=\"\" type=\"email\" name=\"adresa-email\" \/><\/span>\n\t\t<\/p>\n\t<\/div>\n\t<div class=\"col-sm-12\">\n\t\t<p><span class=\"wpcf7-form-control-wrap\" data-name=\"fisier-cv\"><input size=\"40\" class=\"wpcf7-form-control wpcf7-file\" accept=\".pdf,.docx,.doc\" aria-invalid=\"false\" type=\"file\" name=\"fisier-cv\" \/><\/span>\n\t\t<\/p>\n\t<\/div>\n\t<div class=\"col-sm-12\">\n\t\t<p><span class=\"wpcf7-form-control-wrap\" data-name=\"mesaj\"><textarea cols=\"40\" rows=\"5\" maxlength=\"2000\" class=\"wpcf7-form-control wpcf7-textarea\" aria-invalid=\"false\" placeholder=\"Mesaj\" name=\"mesaj\"><\/textarea><\/span>\n\t\t<\/p>\n\t<\/div>\n\t<div class=\"col-sm-12 text-center\">\n\t\t<p><input class=\"wpcf7-form-control wpcf7-submit has-spinner btn btn-color-primary skin-light\" type=\"submit\" value=\"Trimite CV-ul\" \/>\n\t\t<\/p>\n\t<\/div>\n<\/div><div class=\"wpcf7-response-output\" aria-hidden=\"true\"><\/div>\n<\/form>\n<\/div>\n[\/vc_column][\/vc_row]<\/p>\n","protected":false},"excerpt":{"rendered":"<p>[vc_row][vc_column][vc_column_text] Pozi\u021bii disponibile \u00een echipa noastr\u0103: INGINER ACHIZI\u021aII &#8211; ELECTROTEHNIC\u0102 INGINER SENIOR PROIECTARE ELECTRIC\u0102 [\/vc_column_text][vc_separator][\/vc_column][\/vc_row][vc_row][vc_column][vc_column_text] Automatica SA\u00a0\u2013\u00a0o echip\u0103 de genera\u0163ii Automatica \u00ee\u015fi leag\u0103 numele de cele mai importante obiective industriale ale Romaniei \u015fi nu numai. Tradi\u0163ia cercet\u0103rii-dezvolt\u0103rii s-a men\u0163inut vie, astfel \u00eenc\u00e2t, ast\u0103zi, genera\u0163ii de ingineri \u015fi tehnicieni combin\u0103 experien\u0163a \u015fi ingeniozitatea, racorda\u0163i la o&hellip;<\/p>\n","protected":false},"author":3,"featured_media":0,"parent":0,"menu_order":0,"comment_status":"closed","ping_status":"closed","template":"","meta":{"_mi_skip_tracking":false,"footnotes":""},"class_list":["post-13075","page","type-page","status-publish","hentry"],"_links":{"self":[{"href":"https:\/\/automatica.ro\/index.php?rest_route=\/wp\/v2\/pages\/13075","targetHints":{"allow":["GET"]}}],"collection":[{"href":"https:\/\/automatica.ro\/index.php?rest_route=\/wp\/v2\/pages"}],"about":[{"href":"https:\/\/automatica.ro\/index.php?rest_route=\/wp\/v2\/types\/page"}],"author":[{"embeddable":true,"href":"https:\/\/automatica.ro\/index.php?rest_route=\/wp\/v2\/users\/3"}],"replies":[{"embeddable":true,"href":"https:\/\/automatica.ro\/index.php?rest_route=%2Fwp%2Fv2%2Fcomments&post=13075"}],"version-history":[{"count":50,"href":"https:\/\/automatica.ro\/index.php?rest_route=\/wp\/v2\/pages\/13075\/revisions"}],"predecessor-version":[{"id":14856,"href":"https:\/\/automatica.ro\/index.php?rest_route=\/wp\/v2\/pages\/13075\/revisions\/14856"}],"wp:attachment":[{"href":"https:\/\/automatica.ro\/index.php?rest_route=%2Fwp%2Fv2%2Fmedia&parent=13075"}],"curies":[{"name":"wp","href":"https:\/\/api.w.org\/{rel}","templated":true}]}}