{"id":13028,"date":"2018-08-23T10:32:21","date_gmt":"2018-08-23T10:32:21","guid":{"rendered":"http:\/\/exclusiveweb.info\/automatica-ro\/?page_id=13028"},"modified":"2026-04-24T12:07:58","modified_gmt":"2026-04-24T09:07:58","slug":"grup-de-companii","status":"publish","type":"page","link":"https:\/\/automatica.ro\/?page_id=13028","title":{"rendered":"Grupul CEMS"},"content":{"rendered":"<p>[vc_row background_style=&#8221;cover&#8221; css=&#8221;.vc_custom_1427877173647{margin-top: 20px !important;}&#8221;][vc_column][vc_column_text]<\/p>\n<h3>Grupul CEMS<\/h3>\n<p>\u00cencep\u00e2nd cu anul 2018,\u00a0 afacerea Automatica a fost preluat\u0103 de grupul CEMS. Un amplu program de modernizare vine \u00een \u00eent\u00e2mpinarea exigen\u021belor clien\u021bilor \u0219i nevoii de a dezvolta produse \u0219i solu\u021bii \u00een ritmul alert al schimb\u0103rilor tehnologice. Fundamentul dezvolt\u0103rii const\u0103 \u00een men\u021binerea valorilor cultivate de decenii: preocuparea pentru calitate, fiabilitate \u0219i priorit\u0103\u021bile clien\u021bilor.[\/vc_column_text][vc_row_inner css=&#8221;.vc_custom_1535019423830{margin-right: 10px !important;margin-left: 10px !important;}&#8221;][vc_column_inner width=&#8221;1\/3&#8243; css=&#8221;.vc_custom_1536667808862{margin-right: 0px !important;margin-left: 0px !important;border-left-width: 2px !important;padding-right: 50px !important;padding-left: 50px !important;}&#8221;][vc_single_image image=&#8221;13035&#8243; alignment=&#8221;center&#8221; css=&#8221;.vc_custom_1543845781997{margin-right: 30px !important;}&#8221;][vc_column_text css=&#8221;.vc_custom_1536667945087{margin-right: 30px !important;border-top-width: 2px !important;border-top-color: #e8e8e8 !important;border-top-style: solid !important;}&#8221;]<strong>CEMS EPC SA <\/strong>concentreaz\u0103 competen\u021bele grupului pentru a derula proiecte complexe de tip engineering, procurement &amp;\u00a0contracting.<\/p>\n<p>Un management de proiect riguros \u0219i abilit\u0103\u021bi tehnice de v\u00e2rf reprezint\u0103 garan\u021bia performan\u021bei, \u00eencep\u00e2nd cu studiul de fezabilitate, p\u00e2n\u0103 la punerea \u00een func\u021biune.<\/p>\n<p><a href=\"http:\/\/www.cems.ro\" class=\"btn btn-sm btn-color-primary skin-light\" target=\"_blank\">www.cems.ro<\/a>[\/vc_column_text][\/vc_column_inner][vc_column_inner width=&#8221;1\/3&#8243; css=&#8221;.vc_custom_1536667816045{margin-right: 0px !important;margin-left: 10px !important;border-left-width: 2px !important;padding-right: 50px !important;padding-left: 50px !important;}&#8221;][vc_single_image image=&#8221;13905&#8243; alignment=&#8221;center&#8221; css=&#8221;.vc_custom_1543845769183{margin-right: 30px !important;}&#8221;][vc_column_text css=&#8221;.vc_custom_1536668010518{margin-right: 30px !important;border-top-width: 2px !important;border-top-color: #e8e8e8 !important;border-top-style: solid !important;}&#8221;]<strong>Bartec Safety Engineering SRL <\/strong>s-a infiin\u021bat \u00een baza parteneriatului cu grupul german Bartec, unul dintre liderii mondiali \u00een tehnologii pentru mediile cu risc de explozie.<\/p>\n<p>Tehnologia grupului german grefat\u0103 pe expertiza grupului CEMS se concretizeaz\u0103 \u00eentr-o serie de avantaje pentru clien\u021bii din Rom\u00e2nia, precum solu\u021bii customizate \u0219i asisten\u021b\u0103 tehnic\u0103 oferit\u0103 cu promptitudine de echipa local\u0103.<\/p>\n<p><a href=\"http:\/\/www.bartec-safety.ro\" class=\"btn btn-sm btn-color-primary skin-light\" target=\"_blank\">www.bartec-safety.ro<\/a>[\/vc_column_text][\/vc_column_inner][vc_column_inner width=&#8221;1\/3&#8243; css=&#8221;.vc_custom_1536667829581{margin-right: 10px !important;margin-left: 10px !important;border-left-width: 2px !important;padding-right: 50px !important;padding-left: 50px !important;}&#8221;][vc_single_image image=&#8221;13033&#8243; img_size=&#8221;200&#215;100&#8243; alignment=&#8221;center&#8221;][vc_column_text css=&#8221;.vc_custom_1543331928398{border-top-width: 2px !important;border-top-color: #e8e8e8 !important;border-top-style: solid !important;}&#8221;]\u00cencep\u00e2nd cu identificarea corect\u0103 a nevoilor \u0219i ipotezele de dezvoltare ulterioar\u0103, continu\u00e2nd cu proiectarea, produc\u021bia, opera\u021biunile \u00een site, mentenan\u021b\u0103 predictiv\u0103, preventiv\u0103 \u0219i reactiv\u0103, solu\u021bii de retrofit \u0219i modernizare, p\u00e2n\u0103 la scoaterea din func\u021biune, Automatica concentreaza decenii de experien\u021b\u0103 in <strong>domeniul electric, automatizari, roboti industriali si sisteme de dozare si cantarire<\/strong>, produsele sale regasindu-se in aproape toate proiectele industriale mari derulate in Romania, fiind apreciate si recunoscute de asemnea si in plan international.[\/vc_column_text][\/vc_column_inner][\/vc_row_inner][vc_empty_space height=&#8221;10&#8243;][\/vc_column][\/vc_row][vc_row][vc_column][vc_column_text]<\/p>\n<h2><strong>Fiabilitate. Eficien\u021b\u0103. Performan\u021b\u0103.<\/strong><\/h2>\n<p>Trei valori stau la baza dezvolt\u0103rii unui grup dinamic, orientat spre punerea \u00een practic\u0103 a celor mai inovatoare idei. Cele trei valori se traduc \u00een obiective ale \u00eentregii activit\u0103\u021bi, \u00een solu\u021bii tehnice identificate cu migal\u0103 de echipe de ingineri experimenta\u021bi \u0219i, \u00een ultima instan\u021b\u0103, \u00een proiecte finalizate cu succes.[\/vc_column_text][\/vc_column][\/vc_row]<\/p>\n","protected":false},"excerpt":{"rendered":"<p>[vc_row background_style=&#8221;cover&#8221; css=&#8221;.vc_custom_1427877173647{margin-top: 20px !important;}&#8221;][vc_column][vc_column_text] Grupul CEMS \u00cencep\u00e2nd cu anul 2018,\u00a0 afacerea Automatica a fost preluat\u0103 de grupul CEMS. Un amplu program de modernizare vine \u00een \u00eent\u00e2mpinarea exigen\u021belor clien\u021bilor \u0219i nevoii de a dezvolta produse \u0219i solu\u021bii \u00een ritmul alert al schimb\u0103rilor tehnologice. Fundamentul dezvolt\u0103rii const\u0103 \u00een men\u021binerea valorilor cultivate de decenii: preocuparea pentru calitate,&hellip;<\/p>\n","protected":false},"author":3,"featured_media":0,"parent":0,"menu_order":0,"comment_status":"closed","ping_status":"closed","template":"fullwidth.php","meta":{"_mi_skip_tracking":false,"footnotes":""},"class_list":["post-13028","page","type-page","status-publish","hentry"],"_links":{"self":[{"href":"https:\/\/automatica.ro\/index.php?rest_route=\/wp\/v2\/pages\/13028","targetHints":{"allow":["GET"]}}],"collection":[{"href":"https:\/\/automatica.ro\/index.php?rest_route=\/wp\/v2\/pages"}],"about":[{"href":"https:\/\/automatica.ro\/index.php?rest_route=\/wp\/v2\/types\/page"}],"author":[{"embeddable":true,"href":"https:\/\/automatica.ro\/index.php?rest_route=\/wp\/v2\/users\/3"}],"replies":[{"embeddable":true,"href":"https:\/\/automatica.ro\/index.php?rest_route=%2Fwp%2Fv2%2Fcomments&post=13028"}],"version-history":[{"count":43,"href":"https:\/\/automatica.ro\/index.php?rest_route=\/wp\/v2\/pages\/13028\/revisions"}],"predecessor-version":[{"id":13906,"href":"https:\/\/automatica.ro\/index.php?rest_route=\/wp\/v2\/pages\/13028\/revisions\/13906"}],"wp:attachment":[{"href":"https:\/\/automatica.ro\/index.php?rest_route=%2Fwp%2Fv2%2Fmedia&parent=13028"}],"curies":[{"name":"wp","href":"https:\/\/api.w.org\/{rel}","templated":true}]}}