{"id":12983,"date":"2018-08-23T07:52:40","date_gmt":"2018-08-23T07:52:40","guid":{"rendered":"http:\/\/exclusiveweb.info\/automatica-ro\/?page_id=12983"},"modified":"2026-04-24T12:26:41","modified_gmt":"2026-04-24T09:26:41","slug":"profil","status":"publish","type":"page","link":"https:\/\/automatica.ro\/?page_id=12983","title":{"rendered":"Profil"},"content":{"rendered":"\t\t<div data-elementor-type=\"wp-page\" data-elementor-id=\"12983\" class=\"elementor elementor-12983\" data-elementor-settings=\"[]\">\n\t\t\t\t\t\t<div class=\"elementor-inner\">\n\t\t\t\t\t\t\t<div class=\"elementor-section-wrap\">\n\t\t\t\t\t\t\t<section class=\"elementor-section elementor-top-section elementor-element elementor-element-1e014b36 elementor-section-boxed elementor-section-height-default elementor-section-height-default\" data-id=\"1e014b36\" data-element_type=\"section\">\n\t\t\t\t\t\t<div class=\"elementor-container elementor-column-gap-default\">\n\t\t\t\t\t\t\t<div class=\"elementor-row\">\n\t\t\t\t\t<div class=\"elementor-column elementor-col-100 elementor-top-column elementor-element elementor-element-5fb8221d\" data-id=\"5fb8221d\" data-element_type=\"column\">\n\t\t\t<div class=\"elementor-column-wrap elementor-element-populated\">\n\t\t\t\t\t\t\t<div class=\"elementor-widget-wrap\">\n\t\t\t\t\t\t<div class=\"elementor-element elementor-element-7ed7fcd6 elementor-widget elementor-widget-text-editor\" data-id=\"7ed7fcd6\" data-element_type=\"widget\" data-widget_type=\"text-editor.default\">\n\t\t\t\t<div class=\"elementor-widget-container\">\n\t\t\t\t\t\t\t\t<div class=\"elementor-text-editor elementor-clearfix\">\n\t\t\t\t\t\n\n[vc_row]<h2><strong>Profil<\/strong><\/h2>[vc_column width=&#8221;2\/3&#8243;][vc_column_text]Cu un know-how acumulat \u00een 60 de ani de experien\u021b\u0103 \u00een proiecte na\u021bionale \u0219i externe, Automatica SA reprezint\u0103 un partener de \u00eencredere pentru clien\u021bii din cele mai diverse domenii.\nDe-a lungul timpului, echipa Automatica a dezvoltat \u0219i implementat proiecte de o complexitate tehnologic\u0103 deosebit\u0103. O pondere important\u0103 \u00een total produc\u021bie o au solu\u021biile customizate, concepute \u00een functie de cerintele specifice ale clientului. Acestea sunt dezvoltate de echipe multidisciplinare cu specializ\u0103ri \u00een domeniile electric, mecanic, automatiz\u0103ri, programare software \u0219i altele.\n<h4><strong>Divizii<\/strong><\/h4>\n\u2022\u00a0<strong>energie<\/strong>: echipamente \u0219i solu\u021bii pentru distribu\u021bia \u0219i controlul energiei electrice\n\n\u2022\u00a0<strong>procese industriale<\/strong>: automatiz\u0103ri de proces, proiectare \u0219i execu\u021bie de echipament industrial adaptat la procesul tehnologic al clientului, precum linii de c\u00e2nt\u0103rire \u0219i dozare sau robo\u021bi industriali[\/vc_column_text][\/vc_column][vc_column width=&#8221;1\/3&#8243;][vc_btn title=&#8221;Descarc\u0103 bro\u0219ura&#8221; style=&#8221;outline-custom&#8221; outline_custom_color=&#8221;#666666&#8243; outline_custom_hover_background=&#8221;#666666&#8243; outline_custom_hover_text=&#8221;#ffffff&#8221; shape=&#8221;square&#8221; align=&#8221;center&#8221; i_icon_fontawesome=&#8221;fa fa-book&#8221; button_block=&#8221;true&#8221; add_icon=&#8221;true&#8221; link=&#8221;url:https%3A%2F%2Fautomatica.ro%2Fresources%2Fautomatica_ro.pdf||target:%20_blank|&#8221;][\/vc_column][\/vc_row][vc_row][vc_column width=&#8221;1\/3&#8243;]<div id=\"module_dt_iconboxes_1\" class=\"module_dt_iconboxes vc_custom_1536138726122\"><div class=\"dt-iconboxes layout-6\" data-uk-scrollspy=\"{cls:'uk-animation-slide-bottom', delay:300}\">\r\n                        <i class=\"icon-logistic-clipboard52\"><\/i>\r\n                        <h4>Priorit\u0103\u021bi<\/h4><div class=\"dt-iconboxes-text\">\r\n                        <p style=\"text-align: left;\">\u203a Fiabilitate \u015fi siguran\u0163\u0103;<br \/>\n\u203a Avans tehnologic;<br \/>\n\u203a Optimizare raport calitate\/pre\u0163;<br \/>\n\u203a Traseu integrat de la proiectare la PIF;<br \/>\n\u203a Suport pe tot ciclul de via\u0163\u0103 al produsului;<br \/>\n\u203a Echipe de profesioni\u015fti.<\/p>\n<\/div><\/div><\/div>[\/vc_column][vc_column width=&#8221;1\/3&#8243;]<div id=\"module_dt_iconboxes_2\" class=\"module_dt_iconboxes vc_custom_1539692654184\"><div class=\"dt-iconboxes layout-6\" data-uk-scrollspy=\"{cls:'uk-animation-slide-bottom', delay:300}\">\r\n                        <i class=\"icon-industry-industry1\"><\/i>\r\n                        <h4>Expertiz\u0103<\/h4><div class=\"dt-iconboxes-text\">\r\n                        <p style=\"text-align: left;\">Proiectare, produc\u0163ie \u015fi servicii suport:<br \/>\n\u203a Echipamente electrice medie tensiune;<br \/>\n\u203a Echipamente electrice joas\u0103 tensiune;<br \/>\n\u203a Sisteme complexe de automatizare;<br \/>\n\u203a Instala\u0163ii de c\u00e2nt\u0103rire \u015fi dozare<br \/>\nindustrial\u0103;<br \/>\n\u203a Robo\u0163i industriali.<\/p>\n<\/div><\/div><\/div>[\/vc_column][vc_column width=&#8221;1\/3&#8243;]<div id=\"module_dt_iconboxes_3\" class=\"module_dt_iconboxes vc_custom_1536138753272\"><div class=\"dt-iconboxes layout-6\" data-uk-scrollspy=\"{cls:'uk-animation-slide-bottom', delay:300}\">\r\n                        <i class=\"icon-logistic-international13\"><\/i>\r\n                        <h4>Domenii<\/h4><div class=\"dt-iconboxes-text\">\r\n                        <p style=\"text-align: left;\">\u203a Produc\u0103tori de energie: termo, hidro, nuclear;<br \/>\n\u203a Utilit\u0103\u0163i: transport \u015fi distribu\u0163ie energie electric\u0103,<br \/>\nre\u0163ele ap\u0103 \u015fi canalizare;<br \/>\n\u203a Industrii: siderurgie, petrochimie, materiale de<br \/>\nconstruc\u0163ii, construc\u0163ii ma\u015fini-unelte,<br \/>\nalimentar\u0103 etc.;<br \/>\nTransport: metrou \u015fi c\u0103i ferate;<br \/>\n\u203a Agricultur\u0103: ferme, infrastructur\u0103 iriga\u0163ii etc.;<\/p>\n<\/div><\/div><\/div>[\/vc_column][\/vc_row][vc_row][vc_column][vc_empty_space][\/vc_column][\/vc_row]<\/p>\t\t\t\t\t<\/div>\n\t\t\t\t\t\t<\/div>\n\t\t\t\t<\/div>\n\t\t\t\t\t\t<\/div>\n\t\t\t\t\t<\/div>\n\t\t<\/div>\n\t\t\t\t\t\t\t\t<\/div>\n\t\t\t\t\t<\/div>\n\t\t<\/section>\n\t\t\t\t\t\t<\/div>\n\t\t\t\t\t\t<\/div>\n\t\t\t\t\t<\/div>\n\t\t","protected":false},"excerpt":{"rendered":"<p>[vc_row][vc_column][vc_column_text] Profil [vc_column width=&#8221;2\/3&#8243;][vc_column_text]Cu un know-how acumulat \u00een 65 de ani de experien\u021b\u0103 \u00een proiecte na\u021bionale \u0219i externe, Automatica SA reprezint\u0103 un partener de \u00eencredere pentru clien\u021bii din cele mai diverse domenii. De-a lungul timpului, echipa Automatica a dezvoltat \u0219i implementat proiecte de o complexitate tehnologic\u0103 deosebit\u0103. O pondere important\u0103 \u00een total produc\u021bie o au&hellip;<\/p>\n","protected":false},"author":3,"featured_media":13000,"parent":0,"menu_order":0,"comment_status":"closed","ping_status":"closed","template":"fullwidth.php","meta":{"_mi_skip_tracking":false,"footnotes":""},"class_list":["post-12983","page","type-page","status-publish","has-post-thumbnail","hentry"],"_links":{"self":[{"href":"https:\/\/automatica.ro\/index.php?rest_route=\/wp\/v2\/pages\/12983","targetHints":{"allow":["GET"]}}],"collection":[{"href":"https:\/\/automatica.ro\/index.php?rest_route=\/wp\/v2\/pages"}],"about":[{"href":"https:\/\/automatica.ro\/index.php?rest_route=\/wp\/v2\/types\/page"}],"author":[{"embeddable":true,"href":"https:\/\/automatica.ro\/index.php?rest_route=\/wp\/v2\/users\/3"}],"replies":[{"embeddable":true,"href":"https:\/\/automatica.ro\/index.php?rest_route=%2Fwp%2Fv2%2Fcomments&post=12983"}],"version-history":[{"count":46,"href":"https:\/\/automatica.ro\/index.php?rest_route=\/wp\/v2\/pages\/12983\/revisions"}],"predecessor-version":[{"id":14827,"href":"https:\/\/automatica.ro\/index.php?rest_route=\/wp\/v2\/pages\/12983\/revisions\/14827"}],"wp:featuredmedia":[{"embeddable":true,"href":"https:\/\/automatica.ro\/index.php?rest_route=\/wp\/v2\/media\/13000"}],"wp:attachment":[{"href":"https:\/\/automatica.ro\/index.php?rest_route=%2Fwp%2Fv2%2Fmedia&parent=12983"}],"curies":[{"name":"wp","href":"https:\/\/api.w.org\/{rel}","templated":true}]}}