{"id":11667,"date":"2015-03-25T03:31:15","date_gmt":"2015-03-25T03:31:15","guid":{"rendered":"http:\/\/billio-demo.detheme.com\/?page_id=11667"},"modified":"2026-04-24T12:19:18","modified_gmt":"2026-04-24T09:19:18","slug":"istoric","status":"publish","type":"page","link":"https:\/\/automatica.ro\/?page_id=11667","title":{"rendered":"Istoric"},"content":{"rendered":"<p>[vc_row background_style=&#8221;cover&#8221; css=&#8221;.vc_custom_1427773377771{margin-top: 20px !important;}&#8221;][vc_column]<div id=\"section-1\" class=\"dt-section-head left size-default\" dir=\"ltr\">\r\n                <div><h2 style=\"color:#444444\" class=\"section-main-title\">Tehnologie \u00een v\u00e2ltoarea vremurilor<\/h2><\/div>\r\n        <\/div>[vc_column_text css=&#8221;.vc_custom_1536778597935{margin-top: 20px !important;}&#8221;]Automatica SA este un martor al sui\u0219urilor \u0219i cobora\u0219urilor industriei rom\u00e2ne\u0219ti. Poart\u0103 acest nume din 1960, \u00eens\u0103 \u00eenceputurile se suprapun cu istoria Ford. Al doilea razboi mondial, na\u021bionalizarea, industrializarea for\u021bat\u0103, revolu\u021bia din 1989 \u0219i dezindustrializarea care a urmat, privatizarea au fost evenimente care au marcat evolu\u021bia companiei. C\u00e2ndva \u00eensa, \u00een acest trecut tumultuos s-a format o cultur\u0103 a performan\u021bei, independent\u0103 de doctrine \u0219i agende paralele. Exist\u0103 \u00eenca \u00een Automatica spiritul campionului, al inginerului care nu face compromisuri \u0219i nu se d\u0103 b\u0103tut.<\/p>\n<p>Ne afl\u0103m ast\u0103zi \u00een plin\u0103 revolu\u021bie industrial\u0103. Ritmul schimb\u0103rilor tehnologice este ame\u021bitor. Digitizarea proceselor, robotizarea industriei, re\u021belele electrice integrate sunt doar c\u00e2teva elemente ale Industriei 4.0 pe care Automatica este pregatit\u0103 s\u0103 le gestioneze.<\/p>\n<p>Istoria ne oblig\u0103 la un viitor al performan\u021bei.[\/vc_column_text][\/vc_column][\/vc_row][vc_row background_style=&#8221;cover&#8221; css=&#8221;.vc_custom_1536666228006{margin-bottom: 20px !important;}&#8221;][vc_column][dt_timeline][dt_timeline_item][vc_single_image image=&#8221;13014&#8243; img_size=&#8221;full&#8221;][vc_column_text]<\/p>\n<h1><span class=\"primary_color_text\">1935<\/span><\/h1>\n<h4>\u00cenceputurile<\/h4>\n<p>\u00cenfiin\u021bat\u0103 \u00een 1932, Ford Romania S.A.R cumpar\u0103 \u00een septembrie 1934 un teren \u00een suprafa\u021b\u0103 de 7535mp, proprietatea Imobiliara Chrissoveloni \u0219i dob\u00e2nde\u0219te un drept de preem\u021biune asupra unui teren al\u0103turat. \u00cen mai 1935 Ford avea s\u0103 achizi\u021bioneze \u00eenca 5685,5mp de la acela\u0219i v\u00e2nz\u0103tor. Aici urma s\u0103 se infiin\u0163eze uzina de automobile FORD Romania SAR, av\u00e2nd prima linie de montaj opera\u0163ional\u0103 din Europa de Est.<\/p>\n<p><em>\u201cImobilul ce se vinde are o suprafa\u021b\u0103 de 7535 metri p\u0103tra\u021bi \u0219i se \u00eenvecine\u0219te la r\u0103s\u0103rit cu \u0219os. Floreasca, iar la miaz\u0103-zi, la apus \u0219i la miaz\u0103-noapte cu proprietatea Imobiliara Chrissoveloni, astfel precum este stabilit \u00een al\u0103turatul plan.\u201d<\/em><\/p>\n<p><span style=\"font-size: 0.9em;\">Sursa: Direc\u021bia Arhivelor Centrale \u2013 Copie a actului de v\u00e2nzare autentificat de Tribunalul Ilfov \u2013 sec\u021bia Notariat la nr.26948 din 26 septembrie 1934<\/span>[\/vc_column_text][\/dt_timeline_item][dt_timeline_item position=&#8221;right&#8221;][vc_single_image image=&#8221;13685&#8243; img_size=&#8221;555&#215;446&#8243;][vc_column_text]<\/p>\n<h1><span class=\"primary_color_text\">1948<\/span><\/h1>\n<h4>Na\u021bionalizarea<\/h4>\n<p>Legea 119\/1948 pentru na\u021bionalizarea \u00eentreprinderilor industriale, bancare, de asigur\u0103ri miniere \u0219i de transporturi include \u00een anex\u0103 la poz.104 Ford Romania S.A.R. Se \u00eenfiinteaz\u0103 astfel Autoindependen\u021ba, \u00een subordinea Ministerului Industriei Metalurgice.<\/p>\n<p>&nbsp;<\/p>\n<p>Anii urm\u0103tori vor aduce c\u00e2teva schimb\u0103ri de denumire \u0219i obiect de activitate.<\/p>\n<p>&nbsp;<\/p>\n<p>&nbsp;<\/p>\n<p>&nbsp;<\/p>\n<p>[\/vc_column_text][\/dt_timeline_item][dt_timeline_item][vc_single_image image=&#8221;13015&#8243; img_size=&#8221;555&#215;333&#8243;][vc_column_text]<\/p>\n<h1><span class=\"primary_color_text\">1960<\/span><\/h1>\n<h4><strong>Automatica: v\u00e2rf de lance pentru un nou model industrial<\/strong><\/h4>\n<p>Consiliul de Mini\u0219tri al Republicii Populare Rom\u00e2ne adopt\u0103 Hotar\u00e2rea nr.147\/18.02.1960 privind infiin\u021barea \u00eentreprinderii industriale de stat Automatica, a c\u0103rei necesitate este justificat\u0103 de nevoia cre\u0219terii productivit\u0103\u021bii muncii pentru a atinge obiectivele privind industrializarea \u0219i exportul.<\/p>\n<p>Automatica avea s\u0103 func\u021bioneze \u00een vechea hal\u0103 Ford \u0219i extinderile ulterioare p\u00e2n\u0103 la v\u00e2nzarea terenului \u00een 2008.<\/p>\n<p><em>\u201c\u2026care va func\u021biona dup\u0103 principiile gospod\u0103riei chibzuite \u0219i va avea urm\u0103torul profil:<\/em><\/p>\n<p><em>\u00centocmirea proiectelor de automatizare a proceselor tehnologice, a ma\u0219inilor \u0219i agregatelor din toate ramurile industriale, inclusiv studiile \u0219i cercet\u0103rile experimentale , at\u00e2t pentru nevoile interne, c\u00e2t \u0219i pentru instala\u021biile ce se vor exporta\u2026.<\/em><\/p>\n<ul>\n<li><em>Livrarea de echipamente complete de automatizare\u2026<\/em><\/li>\n<li><em>Executarea \u00een atelierele proprii a subansamblurilor respective &#8211; panouri, pupitre, mese de comand\u0103 \u2013 precum \u0219i a elementelor necesare cu caracter unicat<\/em><\/li>\n<li><em>Executarea montajului general, reglarea \u0219i darea \u00een func\u021biune a instala\u021biei de automatizare la beneficiari\u2026<\/em><\/li>\n<li><em>Formarea personalului care va deservi \u0219i \u00eentre\u021bine instala\u021biile de automatizare\u2026\u201d<\/em><\/li>\n<\/ul>\n<p><span style=\"font-size: 0.9em;\">Sursa: Consiliul de Mini\u0219tri al Republicii Populare Romane, Hotar\u00e2rea nr.147\/18.02.1960<\/span>[\/vc_column_text][\/dt_timeline_item][dt_timeline_item position=&#8221;right&#8221;][vc_single_image image=&#8221;13025&#8243; img_size=&#8221;555&#215;555&#8243;][vc_column_text]<\/p>\n<h1><span class=\"primary_color_text\">1970-1980<\/span><\/h1>\n<h4>Primele echipamente complexe<\/h4>\n<p>\u00cen anii \u201870-\u201980 la AUTOMATICA s-au omologat primele echipamente complexe ca: automate programabile, robo\u0163i industriali, sisteme de distribu\u021bie 0,4 kV debro\u0219abil MCC-M14, pupitre de comand\u0103 MiniMod, centrale de avertizare \u015fi stingere incendiu SESAM, echipamente de dozare \u015fi c\u00e2nt\u0103rire etc.<\/p>\n<p>&nbsp;<\/p>\n<p>&nbsp;<\/p>\n<p>&nbsp;<\/p>\n<p>&nbsp;<\/p>\n<p>[\/vc_column_text][\/dt_timeline_item][dt_timeline_item][vc_single_image image=&#8221;13024&#8243; img_size=&#8221;500&#215;500&#8243;][vc_column_text]<\/p>\n<h1><span class=\"primary_color_text\">1981<\/span><\/h1>\n<h4>Produse destinate domeniului nuclear<\/h4>\n<p>AUTOMATICA implementeaz\u0103 primul Program de Asigurarea Calit\u0103\u0163ii aliniat la standardul canadian CSA Z 299.3, pentru realizarea produselor destinate domeniului nuclear.[\/vc_column_text][\/dt_timeline_item][dt_timeline_item position=&#8221;right&#8221;][vc_single_image image=&#8221;12844&#8243; img_size=&#8221;500&#215;500&#8243;][vc_column_text]<\/p>\n<h1><span class=\"primary_color_text\">1985-2004<\/span><\/h1>\n<p>&nbsp;<\/p>\n<p>AUTOMATICA produce echipamente de distribu\u0163ie electric\u0103, control \u015fi automatizare pentru domeniu nuclear (Fabrica de ap\u0103 grea ROMAG Drobeta \u015fi CNE Cernavod\u0103).[\/vc_column_text][\/dt_timeline_item][dt_timeline_item][vc_single_image image=&#8221;13023&#8243; img_size=&#8221;500&#215;500&#8243;][vc_column_text]<\/p>\n<h1><span class=\"primary_color_text\">1987-1992<\/span><\/h1>\n<p>&nbsp;<\/p>\n<p>\u00cen anii \u201887-\u201992 la AUTOMATICA s-a proiectat \u015fi executat <strong>primul sistem complex SCADA din Rom\u00e2nia<\/strong>, pentru Fabrica de pelete de la combinatul minier Krivoi Rog (fosta URSS, ast\u0103zi Ucraina).[\/vc_column_text][\/dt_timeline_item][dt_timeline_item position=&#8221;right&#8221;][vc_single_image image=&#8221;13021&#8243; img_size=&#8221;500&#215;500&#8243;][vc_column_text]<\/p>\n<h1><span class=\"primary_color_text\">1996<\/span><\/h1>\n<h4>Garan\u021bia Calita\u021bii<\/h4>\n<p>AUTOMATICA devine primul produc\u0103tor rom\u00e2n de echipamente electrice \u015fi de automatizare cu Sistemul Calit\u0103\u0163ii certificat de un organism extern acreditat (T\u00dcV-CERT Germania).<\/p>\n<p>[\/vc_column_text][\/dt_timeline_item][dt_timeline_item][vc_single_image image=&#8221;13018&#8243; img_size=&#8221;500&#215;300&#8243;][vc_column_text]<\/p>\n<h1><span class=\"primary_color_text\">2014<\/span><\/h1>\n<h4><\/h4>\n<p>AUTOMATICA a proiectat \u015fi omologat un nou tip de celul\u0103 de medie tensiune 12\/24kV rezistent\u0103 la arc \u0219i av\u00e2nd curen\u021bi de scurtcircuit \u2264 50kA (12kV) \u0219i \u2264 25kA (24kV). Celula poate fi integrat\u0103 simplu \u00een sisteme SCADA \u0219i Smart-Grid.[\/vc_column_text][\/dt_timeline_item][dt_timeline_item position=&#8221;right&#8221;][vc_single_image image=&#8221;13020&#8243; img_size=&#8221;500&#215;500&#8243;][vc_column_text]<\/p>\n<h1><span class=\"primary_color_text\">2018<\/span><\/h1>\n<p>&nbsp;<\/p>\n<p>Transferul afacerii Automatica \u00een grupul CEMS a reprezentat \u00eent\u00e2lnirea fericit\u0103 \u00eentre o echip\u0103 experimentat\u0103 \u0219i energia unui grup dezvoltat prin inovare \u0219i pasiunea pentru cele mai noi tehnologii. Pentru Automatica SA a \u00eenceput o nou\u0103 etap\u0103 de dezvoltare. Pentru clien\u021bii Automatica, acest fapt se traduce \u00een echipamente \u0219i servicii de cea mai bun\u0103 calitate, parteneriat pe termen lung \u0219i garan\u021bia respect\u0103rii promisiunilor.<\/p>\n<p>[\/vc_column_text][\/dt_timeline_item][\/dt_timeline][\/vc_column][\/vc_row]<\/p>\n","protected":false},"excerpt":{"rendered":"<p>[vc_row background_style=&#8221;cover&#8221; css=&#8221;.vc_custom_1427773377771{margin-top: 20px !important;}&#8221;][vc_column][vc_column_text css=&#8221;.vc_custom_1536778597935{margin-top: 20px !important;}&#8221;]Automatica SA este un martor al sui\u0219urilor \u0219i cobora\u0219urilor industriei rom\u00e2ne\u0219ti. Poart\u0103 acest nume din 1960, \u00eens\u0103 \u00eenceputurile se suprapun cu istoria Ford. Al doilea razboi mondial, na\u021bionalizarea, industrializarea for\u021bat\u0103, revolu\u021bia din 1989 \u0219i dezindustrializarea care a urmat, privatizarea au fost evenimente care au marcat evolu\u021bia companiei. C\u00e2ndva&hellip;<\/p>\n","protected":false},"author":3,"featured_media":0,"parent":0,"menu_order":0,"comment_status":"closed","ping_status":"open","template":"fullwidth.php","meta":{"_mi_skip_tracking":false,"footnotes":""},"class_list":["post-11667","page","type-page","status-publish","hentry"],"_links":{"self":[{"href":"https:\/\/automatica.ro\/index.php?rest_route=\/wp\/v2\/pages\/11667","targetHints":{"allow":["GET"]}}],"collection":[{"href":"https:\/\/automatica.ro\/index.php?rest_route=\/wp\/v2\/pages"}],"about":[{"href":"https:\/\/automatica.ro\/index.php?rest_route=\/wp\/v2\/types\/page"}],"author":[{"embeddable":true,"href":"https:\/\/automatica.ro\/index.php?rest_route=\/wp\/v2\/users\/3"}],"replies":[{"embeddable":true,"href":"https:\/\/automatica.ro\/index.php?rest_route=%2Fwp%2Fv2%2Fcomments&post=11667"}],"version-history":[{"count":22,"href":"https:\/\/automatica.ro\/index.php?rest_route=\/wp\/v2\/pages\/11667\/revisions"}],"predecessor-version":[{"id":13848,"href":"https:\/\/automatica.ro\/index.php?rest_route=\/wp\/v2\/pages\/11667\/revisions\/13848"}],"wp:attachment":[{"href":"https:\/\/automatica.ro\/index.php?rest_route=%2Fwp%2Fv2%2Fmedia&parent=11667"}],"curies":[{"name":"wp","href":"https:\/\/api.w.org\/{rel}","templated":true}]}}