{"id":11044,"date":"2015-04-08T02:56:19","date_gmt":"2015-04-08T02:56:19","guid":{"rendered":"http:\/\/billio-demo.detheme.com\/manufacturing\/?page_id=7"},"modified":"2026-04-24T23:49:47","modified_gmt":"2026-04-24T20:49:47","slug":"acasa","status":"publish","type":"page","link":"https:\/\/automatica.ro\/","title":{"rendered":"Acasa"},"content":{"rendered":"<p>[vc_row background_style=&#8221;contain&#8221; background_image=&#8221;13634&#8243;][vc_column][vc_empty_space height=&#8221;50&#8243;][\/vc_column][\/vc_row][vc_row background_style=&#8221;cover&#8221; el_class=&#8221;float-none&#8221; css=&#8221;.vc_custom_1536840590124{margin-top: 0px !important;margin-bottom: 0px !important;background-color: #fbfbfb !important;}&#8221;][vc_column css=&#8221;.vc_custom_1431385969987{padding-right: 0px !important;padding-left: 0px !important;}&#8221;][vc_raw_html]JTNDc3R5bGUlM0UlMEElMjAlMjAlMkYlMkElMjBDU1MlMjBTdHlsZXMlMjBzcGVjaWZpYyUyMHRvJTIwdGhpcyUyMHZpZGVvJTIwYmxvY2slMjAlMkElMkYlMEElMjAlMjAuY3VzdG9tLXZpZGVvLXdyYXBwZXIlMjAlN0IlMEElMjAlMjAlMjAlMjBwb3NpdGlvbiUzQSUyMHJlbGF0aXZlJTNCJTBBJTIwJTIwJTIwJTIwd2lkdGglM0ElMjAxMDAlMjUlM0IlMEElMjAlMjAlMjAlMjBtYXgtd2lkdGglM0ElMjAxMDAlMjUlM0IlMjAlMkYlMkElMjBFbnN1cmVzJTIwaXQlMjBmaXRzJTIweW91ciUyMGNvbHVtbiUyMHdpZHRoJTIwJTJBJTJGJTBBJTIwJTIwJTIwJTIwbWFyZ2luJTNBJTIwMCUyMGF1dG8lM0IlMEElMjAlMjAlMjAlMjBwYWRkaW5nLXRvcCUzQTEwcHglM0IlMEElMjAlMjAlMjAlMjBvdmVyZmxvdyUzQSUyMGhpZGRlbiUzQiUwQSUyMCUyMCU3RCUwQSUyMCUyMCUwQSUyMCUyMC5jdXN0b20tdmlkZW8td3JhcHBlciUyMHZpZGVvJTIwJTdCJTBBJTIwJTIwJTIwJTIwd2lkdGglM0ElMjAxMDAlMjUlM0IlMEElMjAlMjAlMjAlMjBkaXNwbGF5JTNBJTIwYmxvY2slM0IlMEElMjAlMjAlMjAlMjBoZWlnaHQlM0ElMjBhdXRvJTNCJTBBJTIwJTIwJTdEJTBBJTBBJTIwJTIwLmN1c3RvbS1tdXRlLWJ0biUyMCU3QiUwQSUyMCUyMCUyMCUyMHBvc2l0aW9uJTNBJTIwYWJzb2x1dGUlM0IlMEElMjAlMjAlMjAlMjBib3R0b20lM0ElMjAyMHB4JTNCJTBBJTIwJTIwJTIwJTIwcmlnaHQlM0ElMjAyMHB4JTNCJTBBJTIwJTIwJTIwJTIwei1pbmRleCUzQSUyMDIwJTNCJTIwJTJGJTJBJTIwRW5zdXJlcyUyMGJ1dHRvbiUyMHNpdHMlMjBvbiUyMHRvcCUyMG9mJTIwdmlkZW8lMjAlMkElMkYlMEElMjAlMjAlMjAlMjBwYWRkaW5nJTNBJTIwOHB4JTIwMTZweCUzQiUwQSUyMCUyMCUyMCUyMGJhY2tncm91bmQtY29sb3IlM0ElMjByZ2JhJTI4MCUyQyUyMDAlMkMlMjAwJTJDJTIwMC42JTI5JTNCJTBBJTIwJTIwJTIwJTIwY29sb3IlM0ElMjB3aGl0ZSUzQiUwQSUyMCUyMCUyMCUyMGJvcmRlciUzQSUyMDFweCUyMHNvbGlkJTIwcmdiYSUyODI1NSUyQyUyMDI1NSUyQyUyMDI1NSUyQyUyMDAuNSUyOSUzQiUwQSUyMCUyMCUyMCUyMGJvcmRlci1yYWRpdXMlM0ElMjA0cHglM0IlMEElMjAlMjAlMjAlMjBjdXJzb3IlM0ElMjBwb2ludGVyJTNCJTBBJTIwJTIwJTIwJTIwZm9udC1mYW1pbHklM0ElMjBzYW5zLXNlcmlmJTNCJTBBJTIwJTIwJTIwJTIwZm9udC1zaXplJTNBJTIwMTRweCUzQiUwQSUyMCUyMCUyMCUyMHRyYW5zaXRpb24lM0ElMjBiYWNrZ3JvdW5kJTIwMC4zcyUzQiUwQSUyMCUyMCU3RCUwQSUwQSUyMCUyMC5jdXN0b20tbXV0ZS1idG4lM0Fob3ZlciUyMCU3QiUwQSUyMCUyMCUyMCUyMGJhY2tncm91bmQtY29sb3IlM0ElMjByZ2JhJTI4MCUyQyUyMDAlMkMlMjAwJTJDJTIwMC45JTI5JTNCJTBBJTIwJTIwJTdEJTBBJTNDJTJGc3R5bGUlM0UlMEElMEElM0NkaXYlMjBjbGFzcyUzRCUyMmN1c3RvbS12aWRlby13cmFwcGVyJTIyJTNFJTBBJTIwJTIwJTIwJTIwJTNDdmlkZW8lMjBpZCUzRCUyMnVuaXF1ZVZpZGVvUGxheWVyJTIyJTIwYXV0b3BsYXklMjBtdXRlZCUyMGxvb3AlMjBwbGF5c2lubGluZSUzRSUwQSUyMCUyMCUyMCUyMCUyMCUyMCUyMCUyMCUzQ3NvdXJjZSUyMHNyYyUzRCUyMmh0dHBzJTNBJTJGJTJGYXV0b21hdGljYS5ybyUyRndwLWNvbnRlbnQlMkZ1cGxvYWRzJTJGMjAyNSUyRjEyJTJGQVVUT01BVElDQV8xNjlfVjA1Lm1wNCUyMiUyMHR5cGUlM0QlMjJ2aWRlbyUyRm1wNCUyMiUzRSUwQSUyMCUyMCUyMCUyMCUzQyUyRnZpZGVvJTNFJTBBJTIwJTIwJTIwJTIwJTBBJTIwJTIwJTIwJTIwJTNDYnV0dG9uJTIwaWQlM0QlMjJ1bmlxdWVNdXRlQnRuJTIyJTIwY2xhc3MlM0QlMjJjdXN0b20tbXV0ZS1idG4lMjIlM0VVbm11dGUlM0MlMkZidXR0b24lM0UlMEElM0MlMkZkaXYlM0UlMEElMEElM0NzY3JpcHQlM0UlMEElMjAlMjAlMjhmdW5jdGlvbiUyOCUyOSUyMCU3QiUwQSUyMCUyMCUyMCUyMCUyRiUyRiUyMFdlJTIwd3JhcCUyMHRoaXMlMjBpbiUyMGElMjBmdW5jdGlvbiUyMHRvJTIwYXZvaWQlMjBjb25mbGljdHMlMjB3aXRoJTIwb3RoZXIlMjBzY3JpcHRzJTIwb24lMjB5b3VyJTIwc2l0ZSUwQSUyMCUyMCUyMCUyMHZhciUyMHZpZCUyMCUzRCUyMGRvY3VtZW50LmdldEVsZW1lbnRCeUlkJTI4JTI3dW5pcXVlVmlkZW9QbGF5ZXIlMjclMjklM0IlMEElMjAlMjAlMjAlMjB2YXIlMjBidG4lMjAlM0QlMjBkb2N1bWVudC5nZXRFbGVtZW50QnlJZCUyOCUyN3VuaXF1ZU11dGVCdG4lMjclMjklM0IlMEElMEElMjAlMjAlMjAlMjBpZiUyMCUyOHZpZCUyMCUyNiUyNiUyMGJ0biUyOSUyMCU3QiUwQSUyMCUyMCUyMCUyMCUyMCUyMCUyMCUyMGJ0bi5hZGRFdmVudExpc3RlbmVyJTI4JTI3Y2xpY2slMjclMkMlMjBmdW5jdGlvbiUyOCUyOSUyMCU3QiUwQSUyMCUyMCUyMCUyMCUyMCUyMCUyMCUyMCUyMCUyMCUyMCUyMGlmJTIwJTI4dmlkLm11dGVkJTI5JTIwJTdCJTBBJTIwJTIwJTIwJTIwJTIwJTIwJTIwJTIwJTIwJTIwJTIwJTIwJTIwJTIwJTIwJTIwdmlkLm11dGVkJTIwJTNEJTIwZmFsc2UlM0IlMEElMjAlMjAlMjAlMjAlMjAlMjAlMjAlMjAlMjAlMjAlMjAlMjAlMjAlMjAlMjAlMjBidG4udGV4dENvbnRlbnQlMjAlM0QlMjAlMjJNdXRlJTIyJTNCJTBBJTIwJTIwJTIwJTIwJTIwJTIwJTIwJTIwJTIwJTIwJTIwJTIwJTdEJTIwZWxzZSUyMCU3QiUwQSUyMCUyMCUyMCUyMCUyMCUyMCUyMCUyMCUyMCUyMCUyMCUyMCUyMCUyMCUyMCUyMHZpZC5tdXRlZCUyMCUzRCUyMHRydWUlM0IlMEElMjAlMjAlMjAlMjAlMjAlMjAlMjAlMjAlMjAlMjAlMjAlMjAlMjAlMjAlMjAlMjBidG4udGV4dENvbnRlbnQlMjAlM0QlMjAlMjJVbm11dGUlMjIlM0IlMEElMjAlMjAlMjAlMjAlMjAlMjAlMjAlMjAlMjAlMjAlMjAlMjAlN0QlMEElMjAlMjAlMjAlMjAlMjAlMjAlMjAlMjAlN0QlMjklM0IlMEElMjAlMjAlMjAlMjAlN0QlMEElMjAlMjAlN0QlMjklMjglMjklM0IlMEElM0MlMkZzY3JpcHQlM0U=[\/vc_raw_html][\/vc_column][\/vc_row][vc_row expanded=&#8221;2&#8243; background_style=&#8221;cover&#8221; css=&#8221;.vc_custom_1429256002070{padding-top: 75px !important;padding-bottom: 75px !important;background-color: #f4f4f4 !important;}&#8221;][vc_column width=&#8221;1\/3&#8243; css=&#8221;.vc_custom_1534419987878{margin-bottom: 15px !important;border-right-width: 3px !important;padding-right: 45px !important;border-right-color: #4ac8e7 !important;border-right-style: solid !important;}&#8221; el_class=&#8221;sm-text-align-left&#8221;]<div id=\"section-1\" class=\"dt-section-head right size-default\" dir=\"ltr\">\r\n                <div><h2 class=\"section-main-title\">66 years of experience<\/h2><\/div>\r\n        <\/div>[\/vc_column][vc_column width=&#8221;2\/3&#8243; css=&#8221;.vc_custom_1428637015507{padding-left: 45px !important;}&#8221;][vc_column_text css_animation=&#8221;right-to-left&#8221;]<\/p>\n<h3>AUTOMATICA SA &#8211; Pionier \u00een automatiz\u0103ri din Rom\u00e2nia.<\/h3>\n<p>Cu know-how-ul acumulat \u00een 66 de ani de experien\u021b\u0103 \u00een proiecte na\u021bionale \u0219i interna\u021bionale, Automatica SA este un partener de \u00eencredere pentru clien\u021bi din diverse domenii de activitate.<\/p>\n<p><a href=\"https:\/\/automatica.ro\/en\/profile\/\" class=\"btn btn-sm btn-color-primary skin-light\" target=\"_self\">Cite\u0219te Mai Mult<\/a>[\/vc_column_text][vc_single_image image=&#8221;13818&#8243; img_size=&#8221;large&#8221;][\/vc_column][\/vc_row][vc_row expanded=&#8221;2&#8243; background_style=&#8221;cover&#8221; css=&#8221;.vc_custom_1535613897009{padding-top: 75px !important;padding-bottom: 75px !important;background-color: #ffffff !important;}&#8221;][vc_column css=&#8221;.vc_custom_1535613929129{margin-bottom: 15px !important;border-right-width: 0px !important;padding-right: 45px !important;border-right-color: #4ac8e7 !important;}&#8221; el_class=&#8221;sm-text-align-left&#8221;][vc_column_text css_animation=&#8221;right-to-left&#8221;]<\/p>\n<h3>Un parteneriat pe termen lung.<\/h3>\n<p>Reducerea costurilor opera\u021bionale, cre\u0219terea siguran\u021bei \u0219i fiabilit\u0103\u021bii opera\u021bionale, digitizarea proceselor \u0219i, nu \u00een ultimul r\u00e2nd, reducerea impactului asupra mediului, sunt preocup\u0103rile clien\u021bilor no\u0219tri \u0219i, implicit, priorit\u0103\u021bile AUTOMATICA \u00een configurarea produselor \u0219i serviciilor.<\/p>\n<p>\u00cencep\u00e2nd cu identificarea corect\u0103 a nevoilor \u0219i a ipotezelor de dezvoltare viitoare, continu\u00e2nd cu proiectarea, produc\u021bia, opera\u021biunile pe teren, mentenan\u021ba predictiv\u0103, preventiv\u0103 \u0219i reactiv\u0103, solu\u021biile de retrofit \u0219i modernizare, p\u00e2n\u0103 la dezafectare &#8211; Automatica a concentrat zeci de ani de experien\u021b\u0103 \u00een proceduri, consolid\u00e2ndu-se ca un partener de \u00eencredere pe termen lung.<\/p>\n<p>[\/vc_column_text][vc_single_image image=&#8221;13824&#8243; img_size=&#8221;600&#215;317&#8243; alignment=&#8221;center&#8221; css=&#8221;.vc_custom_1536935981039{padding-top: 75px !important;}&#8221;][\/vc_column][\/vc_row][vc_row expanded=&#8221;2&#8243; background_style=&#8221;fixed&#8221; background_image=&#8221;13309&#8243; css=&#8221;.vc_custom_1535618812827{margin-bottom: 0px !important;padding-top: 75px !important;padding-bottom: 75px !important;}&#8221;][vc_column][vc_row_inner css=&#8221;.vc_custom_1535618898810{margin-top: 20px !important;margin-bottom: 20px !important;border-left-width: 5px !important;border-left-color: #1e73be !important;border-left-style: solid !important;}&#8221;][vc_column_inner css=&#8221;.vc_custom_1535617840860{border-top-width: 1px !important;border-right-width: 1px !important;border-bottom-width: 1px !important;border-left-width: 1px !important;padding-top: 30px !important;padding-right: 30px !important;padding-bottom: 30px !important;padding-left: 30px !important;background-color: rgba(240,239,239,0.2) !important;*background-color: rgb(240,239,239) !important;border-left-color: rgba(255,255,255,0.15) !important;border-left-style: solid !important;border-right-color: rgba(255,255,255,0.15) !important;border-right-style: solid !important;border-top-color: rgba(255,255,255,0.15) !important;border-top-style: solid !important;border-bottom-color: rgba(255,255,255,0.15) !important;border-bottom-style: solid !important;}&#8221;][vc_column_text css_animation=&#8221;appear&#8221;]<\/p>\n<h4><span style=\"color: #f0f0ff;\">ECHIPAMENTE ELECTRICE DE<br \/>\nJOAS\u0102 TENSIUNE<\/span><\/h4>\n<p><span style=\"color: #f0f0ff;\">\u203a Tablouri de distribu\u021bie de joas\u0103 tensiune, Imax. 7200 A proiectate \u0219i produse de Automatica sub licen\u021ba Siemens &#8220;8PT&#8221; \u0219i &#8220;S8&#8221;, \u00een execu\u021bie fix\u0103, demontabil\u0103 \u0219i tip &#8220;plug in&#8221;<br \/>\n\u203a Tablouri de comand\u0103 pentru procese industriale tip SCADA<br \/>\n\u203a Tablouri de comand\u0103 pentru ma\u0219ini-unelte<br \/>\n\u203a Tablouri de protec\u021bie \u0219i m\u0103sur\u0103<br \/>\n\u203a Tablouri de alimentare \u00een curent continuu \u0219i alternativ<br \/>\n\u203a Echipamente de automatizare pentru controlul puterii reactive<br \/>\n\u203a Tablouri ATS (Comutator Automat de Re\u021bea), tablouri de jonc\u021biune \u0219i tablouri cu PLC<br \/>\n\u203a Tablouri TDRI pentru alimentarea \u0219i distribu\u021bia energiei electrice<br \/>\n\u203a Sisteme de bare capsulate JT cu curen\u021bi nominali p\u00e2n\u0103 la 4000A<br \/>\n<\/span><\/p>\n<p>&nbsp;<\/p>\n<p><span style=\"color: #f0f0ff;\"><a href=\"https:\/\/automatica.ro\/categorii\/joasa-tensiune\/\" class=\"btn btn-default btn-ghost skin-light\" target=\"_self\">MAI MULT<\/a><\/span>[\/vc_column_text][\/vc_column_inner][\/vc_row_inner][vc_row_inner css=&#8221;.vc_custom_1535618909594{margin-top: 20px !important;margin-bottom: 20px !important;border-left-width: 5px !important;border-left-color: #dd9933 !important;border-left-style: solid !important;}&#8221;][vc_column_inner css=&#8221;.vc_custom_1535617840860{border-top-width: 1px !important;border-right-width: 1px !important;border-bottom-width: 1px !important;border-left-width: 1px !important;padding-top: 30px !important;padding-right: 30px !important;padding-bottom: 30px !important;padding-left: 30px !important;background-color: rgba(240,239,239,0.2) !important;*background-color: rgb(240,239,239) !important;border-left-color: rgba(255,255,255,0.15) !important;border-left-style: solid !important;border-right-color: rgba(255,255,255,0.15) !important;border-right-style: solid !important;border-top-color: rgba(255,255,255,0.15) !important;border-top-style: solid !important;border-bottom-color: rgba(255,255,255,0.15) !important;border-bottom-style: solid !important;}&#8221;][vc_column_text css_animation=&#8221;appear&#8221;]<\/p>\n<h4><span style=\"color: #f0f0ff;\">ECHIPAMENTE ELECTRICE DE<br \/>\nMEDIE TENSIUNE<\/span><\/h4>\n<p><span style=\"color: #f0f0ff;\"><strong>\u203a<\/strong> Celule de distribu\u021bie primar\u0103 de medie tensiune<br \/>\n\u203a Aparataj izolat \u00een aer, cu echipament de comuta\u021bie \u00een vid sau SF6<br \/>\n\u203a Celule cu o singur\u0103 bar\u0103 colectoare 6, 12, 24 kV cu curent nominal \u2264 4000 A<br \/>\n\u203a Celule cu dubl\u0103 bar\u0103 colectoare 6, 12, 24 kV cu curent nominal \u2264 2500 A<br \/>\n\u203a Solu\u021bie Retrofit 6, 12, 24 kV cu c\u0103rucior complet \u00eenchis cu \u00eentrerup\u0103tor, circuite secundare, dou\u0103 u\u0219i \u0219i cadre pentru curent nominal \u2264 2500A<br \/>\n\u203a Baterii de condensatoare de putere, automatizate, pentru 6, 12, 24kV, \u2264 2,4MVAr<br \/>\n\u203a Aparataj MT interior sau exterior realizat la comand\u0103<\/span><\/p>\n<p><span style=\"color: #f0f0ff;\"><strong>\u203a<\/strong> Celule pentru: transformator, plecare, m\u0103suri, cupl\u0103 de bare, racord de bare, separator, motor, aplica\u021bii speciale<\/span><\/p>\n<p><span style=\"color: #f0f0ff;\"><strong>\u203a<\/strong> Aparataj pentru generatoare de energie electric\u0103 6&#8230;12kV, putere nominal\u0103 p\u00e2n\u0103 la 50MW<br \/>\n\u203a Aparataj pentru cuptor cu induc\u021bie 6kV<br \/>\n\u203a Sisteme de bare capsulate 6, 12, 24 kV cu curen\u021bi nominali p\u00e2n\u0103 la 4000A<br \/>\n\u203a Aparataj MT automatizat, integrabil \u00een SCADA, Smart Grid<br \/>\n\u203a Aparataj MT automatizat cu c\u0103rucior ac\u021bionat electric, separatoare \u0219i cu\u021bit de punere la p\u0103m\u00e2nt<\/span><\/p>\n<p>&nbsp;<\/p>\n<p><span style=\"color: #f0f0ff;\"><a href=\"https:\/\/automatica.ro\/categorii\/medie-tensiune\/\" class=\"btn btn-default btn-ghost skin-light\" target=\"_self\">MAI MULT<\/a><\/span>[\/vc_column_text][\/vc_column_inner][\/vc_row_inner][vc_row_inner css=&#8221;.vc_custom_1535618965267{margin-top: 20px !important;margin-bottom: 20px !important;border-left-width: 5px !important;border-left-color: #91bc25 !important;border-left-style: solid !important;}&#8221;][vc_column_inner css=&#8221;.vc_custom_1535617840860{border-top-width: 1px !important;border-right-width: 1px !important;border-bottom-width: 1px !important;border-left-width: 1px !important;padding-top: 30px !important;padding-right: 30px !important;padding-bottom: 30px !important;padding-left: 30px !important;background-color: rgba(240,239,239,0.2) !important;*background-color: rgb(240,239,239) !important;border-left-color: rgba(255,255,255,0.15) !important;border-left-style: solid !important;border-right-color: rgba(255,255,255,0.15) !important;border-right-style: solid !important;border-top-color: rgba(255,255,255,0.15) !important;border-top-style: solid !important;border-bottom-color: rgba(255,255,255,0.15) !important;border-bottom-style: solid !important;}&#8221;][vc_column_text css_animation=&#8221;appear&#8221;]<\/p>\n<h4><span style=\"color: #f0f0ff;\">AUTOMATIZ\u0102RI \u0218I SISTEME<br \/>\nCOMPLEXE SCADA<\/span><\/h4>\n<p><span style=\"color: #f0f0f0;\"><strong>\u203a<\/strong> Echipamente de distribu\u021bie \u0219i automatizare pentru centrale electrice<br \/>\n\u203a Tablouri electrice, inclusiv pentru centrale nucleare<br \/>\n\u203a Echipamente de control secven\u021bial al proceselor<br \/>\n\u203a Echipamente electrice pentru ma\u0219ini-unelte<br \/>\n\u203a Sisteme SCADA<\/span><\/p>\n<p>&nbsp;<\/p>\n<p><span style=\"color: #f0f0ff;\"><a href=\"https:\/\/automatica.ro\/categorii\/automatizari\/\" class=\"btn btn-default btn-ghost skin-light\" target=\"_self\">MAI MULT<\/a><\/span>[\/vc_column_text][\/vc_column_inner][\/vc_row_inner][vc_row_inner css=&#8221;.vc_custom_1535618953362{margin-top: 20px !important;margin-bottom: 20px !important;border-left-width: 5px !important;border-left-color: #dd3333 !important;border-left-style: solid !important;}&#8221;][vc_column_inner css=&#8221;.vc_custom_1535617840860{border-top-width: 1px !important;border-right-width: 1px !important;border-bottom-width: 1px !important;border-left-width: 1px !important;padding-top: 30px !important;padding-right: 30px !important;padding-bottom: 30px !important;padding-left: 30px !important;background-color: rgba(240,239,239,0.2) !important;*background-color: rgb(240,239,239) !important;border-left-color: rgba(255,255,255,0.15) !important;border-left-style: solid !important;border-right-color: rgba(255,255,255,0.15) !important;border-right-style: solid !important;border-top-color: rgba(255,255,255,0.15) !important;border-top-style: solid !important;border-bottom-color: rgba(255,255,255,0.15) !important;border-bottom-style: solid !important;}&#8221;][vc_column_text css_animation=&#8221;appear&#8221;]<\/p>\n<h4><span style=\"color: #f0f0ff;\">ROBO\u021aI INDUSTRIALI<\/span><\/h4>\n<p><span style=\"color: #f0f0f0;\">Celule de sudur\u0103 cu arc cu o ax\u0103 extern\u0103 sincronizat\u0103 \u0219i dou\u0103 axe externe nesincronizate, cu urm\u0103rirea arcului. Celula \u00eencorporeaz\u0103 dou\u0103 zone de lucru pentru sudarea diferitelor subansamble ca dimensiune \u0219i form\u0103. Aplica\u021biile robotice automate \u00eencorporeaz\u0103 cele mai recente tehnologii ABB \u0219i beneficiaz\u0103 de service complet pe tot parcursul ciclului de via\u021b\u0103.<\/span><\/p>\n<p>&nbsp;<\/p>\n<p><span style=\"color: #f0f0ff;\"><a href=\"https:\/\/automatica.ro\/categorii\/roboti-industriali\/\" class=\"btn btn-default btn-ghost skin-light\" target=\"_self\">MAI MULT<\/a><\/span>[\/vc_column_text][\/vc_column_inner][\/vc_row_inner][vc_row_inner css=&#8221;.vc_custom_1535618959323{margin-top: 20px !important;margin-bottom: 20px !important;border-left-width: 5px !important;border-left-color: #82511a !important;border-left-style: solid !important;}&#8221;][vc_column_inner css=&#8221;.vc_custom_1535617840860{border-top-width: 1px !important;border-right-width: 1px !important;border-bottom-width: 1px !important;border-left-width: 1px !important;padding-top: 30px !important;padding-right: 30px !important;padding-bottom: 30px !important;padding-left: 30px !important;background-color: rgba(240,239,239,0.2) !important;*background-color: rgb(240,239,239) !important;border-left-color: rgba(255,255,255,0.15) !important;border-left-style: solid !important;border-right-color: rgba(255,255,255,0.15) !important;border-right-style: solid !important;border-top-color: rgba(255,255,255,0.15) !important;border-top-style: solid !important;border-bottom-color: rgba(255,255,255,0.15) !important;border-bottom-style: solid !important;}&#8221;][vc_column_text css_animation=&#8221;appear&#8221;]<\/p>\n<h4><span style=\"color: #f0f0ff;\">ECHIPAMENTE INDUSTRIALE DE<br \/>\nC\u00c2NT\u0102RIRE \u0218I DOZARE<\/span><\/h4>\n<p><span style=\"color: #f0f0f0;\"><strong>\u203a<\/strong> C\u00e2ntare cu band\u0103 electronic\u0103, de la 10 p\u00e2n\u0103 la 9000 tone\/or\u0103<br \/>\n\u203a Dozatoare gravimetrice automate cu band\u0103, de la 0,25 p\u00e2n\u0103 la 1000 tone\/or\u0103<br \/>\n\u203a Sisteme complexe de dozare \u0219i control al proceselor<br \/>\n\u203a Instala\u021bii de dozare discontinu\u0103 cu unul sau p\u00e2n\u0103 la 32 de componente<br \/>\n\u203a Instala\u021bii de ambalare \u00een saci de diverse dimensiuni<br \/>\n\u203a Sisteme de m\u0103surare a for\u021bei de la 100 N p\u00e2n\u0103 la 4000 kN<\/span><\/p>\n<p>&nbsp;<\/p>\n<p><span style=\"color: #f0f0ff;\"><a href=\"https:\/\/automatica.ro\/categorii\/dozare-si-cantarire\/\" class=\"btn btn-default btn-ghost skin-light\" target=\"_self\">MAI MULT<\/a><\/span>[\/vc_column_text][\/vc_column_inner][\/vc_row_inner][\/vc_column][\/vc_row][vc_row content_placement=&#8221;middle&#8221; background_style=&#8221;contain&#8221; background_image=&#8221;13634&#8243; css=&#8221;.vc_custom_1536652981828{padding-top: 75px !important;padding-bottom: 75px !important;}&#8221;][vc_column width=&#8221;1\/2&#8243;][vc_column_text css=&#8221;.vc_custom_1536137452185{padding-top: 0px !important;padding-bottom: 0px !important;}&#8221;]<\/p>\n<h2>PREZEN\u021a\u0102 GLOBAL\u0102<\/h2>\n<p>[\/vc_column_text][vc_empty_space height=&#8221;300&#8243;][\/vc_column][vc_column width=&#8221;1\/2&#8243;][\/vc_column][\/vc_row]<\/p>\n","protected":false},"excerpt":{"rendered":"<p>[vc_row background_style=&#8221;contain&#8221; background_image=&#8221;13634&#8243;][vc_column][vc_empty_space height=&#8221;50&#8243;][\/vc_column][\/vc_row][vc_row background_style=&#8221;cover&#8221; el_class=&#8221;float-none&#8221; css=&#8221;.vc_custom_1536840590124{margin-top: 0px !important;margin-bottom: 0px !important;background-color: #fbfbfb !important;}&#8221;][vc_column css=&#8221;.vc_custom_1431385969987{padding-right: 0px !important;padding-left: 0px !important;}&#8221;][vc_raw_html]JTNDc3R5bGUlM0UlMEElMjAlMjAlMkYlMkElMjBDU1MlMjBTdHlsZXMlMjBzcGVjaWZpYyUyMHRvJTIwdGhpcyUyMHZpZGVvJTIwYmxvY2slMjAlMkElMkYlMEElMjAlMjAuY3VzdG9tLXZpZGVvLXdyYXBwZXIlMjAlN0IlMEElMjAlMjAlMjAlMjBwb3NpdGlvbiUzQSUyMHJlbGF0aXZlJTNCJTBBJTIwJTIwJTIwJTIwd2lkdGglM0ElMjAxMDAlMjUlM0IlMEElMjAlMjAlMjAlMjBtYXgtd2lkdGglM0ElMjAxMDAlMjUlM0IlMjAlMkYlMkElMjBFbnN1cmVzJTIwaXQlMjBmaXRzJTIweW91ciUyMGNvbHVtbiUyMHdpZHRoJTIwJTJBJTJGJTBBJTIwJTIwJTIwJTIwbWFyZ2luJTNBJTIwMCUyMGF1dG8lM0IlMEElMjAlMjAlMjAlMjBwYWRkaW5nLXRvcCUzQTEwcHglM0IlMEElMjAlMjAlMjAlMjBvdmVyZmxvdyUzQSUyMGhpZGRlbiUzQiUwQSUyMCUyMCU3RCUwQSUyMCUyMCUwQSUyMCUyMC5jdXN0b20tdmlkZW8td3JhcHBlciUyMHZpZGVvJTIwJTdCJTBBJTIwJTIwJTIwJTIwd2lkdGglM0ElMjAxMDAlMjUlM0IlMEElMjAlMjAlMjAlMjBkaXNwbGF5JTNBJTIwYmxvY2slM0IlMEElMjAlMjAlMjAlMjBoZWlnaHQlM0ElMjBhdXRvJTNCJTBBJTIwJTIwJTdEJTBBJTBBJTIwJTIwLmN1c3RvbS1tdXRlLWJ0biUyMCU3QiUwQSUyMCUyMCUyMCUyMHBvc2l0aW9uJTNBJTIwYWJzb2x1dGUlM0IlMEElMjAlMjAlMjAlMjBib3R0b20lM0ElMjAyMHB4JTNCJTBBJTIwJTIwJTIwJTIwcmlnaHQlM0ElMjAyMHB4JTNCJTBBJTIwJTIwJTIwJTIwei1pbmRleCUzQSUyMDIwJTNCJTIwJTJGJTJBJTIwRW5zdXJlcyUyMGJ1dHRvbiUyMHNpdHMlMjBvbiUyMHRvcCUyMG9mJTIwdmlkZW8lMjAlMkElMkYlMEElMjAlMjAlMjAlMjBwYWRkaW5nJTNBJTIwOHB4JTIwMTZweCUzQiUwQSUyMCUyMCUyMCUyMGJhY2tncm91bmQtY29sb3IlM0ElMjByZ2JhJTI4MCUyQyUyMDAlMkMlMjAwJTJDJTIwMC42JTI5JTNCJTBBJTIwJTIwJTIwJTIwY29sb3IlM0ElMjB3aGl0ZSUzQiUwQSUyMCUyMCUyMCUyMGJvcmRlciUzQSUyMDFweCUyMHNvbGlkJTIwcmdiYSUyODI1NSUyQyUyMDI1NSUyQyUyMDI1NSUyQyUyMDAuNSUyOSUzQiUwQSUyMCUyMCUyMCUyMGJvcmRlci1yYWRpdXMlM0ElMjA0cHglM0IlMEElMjAlMjAlMjAlMjBjdXJzb3IlM0ElMjBwb2ludGVyJTNCJTBBJTIwJTIwJTIwJTIwZm9udC1mYW1pbHklM0ElMjBzYW5zLXNlcmlmJTNCJTBBJTIwJTIwJTIwJTIwZm9udC1zaXplJTNBJTIwMTRweCUzQiUwQSUyMCUyMCUyMCUyMHRyYW5zaXRpb24lM0ElMjBiYWNrZ3JvdW5kJTIwMC4zcyUzQiUwQSUyMCUyMCU3RCUwQSUwQSUyMCUyMC5jdXN0b20tbXV0ZS1idG4lM0Fob3ZlciUyMCU3QiUwQSUyMCUyMCUyMCUyMGJhY2tncm91bmQtY29sb3IlM0ElMjByZ2JhJTI4MCUyQyUyMDAlMkMlMjAwJTJDJTIwMC45JTI5JTNCJTBBJTIwJTIwJTdEJTBBJTNDJTJGc3R5bGUlM0UlMEElMEElM0NkaXYlMjBjbGFzcyUzRCUyMmN1c3RvbS12aWRlby13cmFwcGVyJTIyJTNFJTBBJTIwJTIwJTIwJTIwJTNDdmlkZW8lMjBpZCUzRCUyMnVuaXF1ZVZpZGVvUGxheWVyJTIyJTIwYXV0b3BsYXklMjBtdXRlZCUyMGxvb3AlMjBwbGF5c2lubGluZSUzRSUwQSUyMCUyMCUyMCUyMCUyMCUyMCUyMCUyMCUzQ3NvdXJjZSUyMHNyYyUzRCUyMmh0dHBzJTNBJTJGJTJGYXV0b21hdGljYS5ybyUyRndwLWNvbnRlbnQlMkZ1cGxvYWRzJTJGMjAyNSUyRjEyJTJGQVVUT01BVElDQV8xNjlfVjA1Lm1wNCUyMiUyMHR5cGUlM0QlMjJ2aWRlbyUyRm1wNCUyMiUzRSUwQSUyMCUyMCUyMCUyMCUzQyUyRnZpZGVvJTNFJTBBJTIwJTIwJTIwJTIwJTBBJTIwJTIwJTIwJTIwJTNDYnV0dG9uJTIwaWQlM0QlMjJ1bmlxdWVNdXRlQnRuJTIyJTIwY2xhc3MlM0QlMjJjdXN0b20tbXV0ZS1idG4lMjIlM0VVbm11dGUlM0MlMkZidXR0b24lM0UlMEElM0MlMkZkaXYlM0UlMEElMEElM0NzY3JpcHQlM0UlMEElMjAlMjAlMjhmdW5jdGlvbiUyOCUyOSUyMCU3QiUwQSUyMCUyMCUyMCUyMCUyRiUyRiUyMFdlJTIwd3JhcCUyMHRoaXMlMjBpbiUyMGElMjBmdW5jdGlvbiUyMHRvJTIwYXZvaWQlMjBjb25mbGljdHMlMjB3aXRoJTIwb3RoZXIlMjBzY3JpcHRzJTIwb24lMjB5b3VyJTIwc2l0ZSUwQSUyMCUyMCUyMCUyMHZhciUyMHZpZCUyMCUzRCUyMGRvY3VtZW50LmdldEVsZW1lbnRCeUlkJTI4JTI3dW5pcXVlVmlkZW9QbGF5ZXIlMjclMjklM0IlMEElMjAlMjAlMjAlMjB2YXIlMjBidG4lMjAlM0QlMjBkb2N1bWVudC5nZXRFbGVtZW50QnlJZCUyOCUyN3VuaXF1ZU11dGVCdG4lMjclMjklM0IlMEElMEElMjAlMjAlMjAlMjBpZiUyMCUyOHZpZCUyMCUyNiUyNiUyMGJ0biUyOSUyMCU3QiUwQSUyMCUyMCUyMCUyMCUyMCUyMCUyMCUyMGJ0bi5hZGRFdmVudExpc3RlbmVyJTI4JTI3Y2xpY2slMjclMkMlMjBmdW5jdGlvbiUyOCUyOSUyMCU3QiUwQSUyMCUyMCUyMCUyMCUyMCUyMCUyMCUyMCUyMCUyMCUyMCUyMGlmJTIwJTI4dmlkLm11dGVkJTI5JTIwJTdCJTBBJTIwJTIwJTIwJTIwJTIwJTIwJTIwJTIwJTIwJTIwJTIwJTIwJTIwJTIwJTIwJTIwdmlkLm11dGVkJTIwJTNEJTIwZmFsc2UlM0IlMEElMjAlMjAlMjAlMjAlMjAlMjAlMjAlMjAlMjAlMjAlMjAlMjAlMjAlMjAlMjAlMjBidG4udGV4dENvbnRlbnQlMjAlM0QlMjAlMjJNdXRlJTIyJTNCJTBBJTIwJTIwJTIwJTIwJTIwJTIwJTIwJTIwJTIwJTIwJTIwJTIwJTdEJTIwZWxzZSUyMCU3QiUwQSUyMCUyMCUyMCUyMCUyMCUyMCUyMCUyMCUyMCUyMCUyMCUyMCUyMCUyMCUyMCUyMHZpZC5tdXRlZCUyMCUzRCUyMHRydWUlM0IlMEElMjAlMjAlMjAlMjAlMjAlMjAlMjAlMjAlMjAlMjAlMjAlMjAlMjAlMjAlMjAlMjBidG4udGV4dENvbnRlbnQlMjAlM0QlMjAlMjJVbm11dGUlMjIlM0IlMEElMjAlMjAlMjAlMjAlMjAlMjAlMjAlMjAlMjAlMjAlMjAlMjAlN0QlMEElMjAlMjAlMjAlMjAlMjAlMjAlMjAlMjAlN0QlMjklM0IlMEElMjAlMjAlMjAlMjAlN0QlMEElMjAlMjAlN0QlMjklMjglMjklM0IlMEElM0MlMkZzY3JpcHQlM0U=[\/vc_raw_html][\/vc_column][\/vc_row][vc_row expanded=&#8221;2&#8243; background_style=&#8221;cover&#8221; css=&#8221;.vc_custom_1429256002070{padding-top: 75px !important;padding-bottom: 75px !important;background-color: #f4f4f4 !important;}&#8221;][vc_column width=&#8221;1\/3&#8243; css=&#8221;.vc_custom_1534419987878{margin-bottom: 15px !important;border-right-width: 3px !important;padding-right: 45px !important;border-right-color: #4ac8e7 !important;border-right-style: solid !important;}&#8221; el_class=&#8221;sm-text-align-left&#8221;][\/vc_column][vc_column width=&#8221;2\/3&#8243; css=&#8221;.vc_custom_1428637015507{padding-left: 45px !important;}&#8221;][vc_column_text css_animation=&#8221;right-to-left&#8221;] AUTOMATICA SA &#8211; Pionier \u00een automatiz\u0103ri din Rom\u00e2nia. Cu know-how-ul&hellip;<\/p>\n","protected":false},"author":3,"featured_media":0,"parent":0,"menu_order":0,"comment_status":"closed","ping_status":"closed","template":"fullwidth.php","meta":{"_mi_skip_tracking":false,"footnotes":""},"class_list":["post-11044","page","type-page","status-publish","hentry"],"_links":{"self":[{"href":"https:\/\/automatica.ro\/index.php?rest_route=\/wp\/v2\/pages\/11044","targetHints":{"allow":["GET"]}}],"collection":[{"href":"https:\/\/automatica.ro\/index.php?rest_route=\/wp\/v2\/pages"}],"about":[{"href":"https:\/\/automatica.ro\/index.php?rest_route=\/wp\/v2\/types\/page"}],"author":[{"embeddable":true,"href":"https:\/\/automatica.ro\/index.php?rest_route=\/wp\/v2\/users\/3"}],"replies":[{"embeddable":true,"href":"https:\/\/automatica.ro\/index.php?rest_route=%2Fwp%2Fv2%2Fcomments&post=11044"}],"version-history":[{"count":82,"href":"https:\/\/automatica.ro\/index.php?rest_route=\/wp\/v2\/pages\/11044\/revisions"}],"predecessor-version":[{"id":14882,"href":"https:\/\/automatica.ro\/index.php?rest_route=\/wp\/v2\/pages\/11044\/revisions\/14882"}],"wp:attachment":[{"href":"https:\/\/automatica.ro\/index.php?rest_route=%2Fwp%2Fv2%2Fmedia&parent=11044"}],"curies":[{"name":"wp","href":"https:\/\/api.w.org\/{rel}","templated":true}]}}